{"id":106,"date":"2024-01-04T21:38:47","date_gmt":"2024-01-04T20:38:47","guid":{"rendered":"https:\/\/noria-research.com\/turkey-program\/?page_id=106"},"modified":"2025-11-27T11:18:28","modified_gmt":"2025-11-27T10:18:28","slug":"programme-turquie","status":"publish","type":"page","link":"https:\/\/noria-research.com\/turkey-program\/fr\/","title":{"rendered":"Turquie"},"content":{"rendered":"\n<figure class=\"wp-block-pullquote has-light-orange-background-color has-background has-large-font-size\"><blockquote><p>Ce programme n&#8217;est pas actif pour le moment. Les archives de ses publications sont disponibles <a href=\"https:\/\/noria-research.com\/turkey-program\/about\/\">ici<\/a><\/p><\/blockquote><\/figure>\n\n\n\n<p class=\"has-large-font-size\">Cr\u00e9\u00e9 en 2019, le programme Turquie de Noria a pour objectif d\u2019\u00e9tudier les reconfigurations du politique au prisme des \u00e9volutions du r\u00e9gime.<\/p>\n\n\n\n<div class=\"wp-block-buttons is-layout-flex wp-block-buttons-is-layout-flex\">\n<div class=\"wp-block-button\"><a class=\"wp-block-button__link wp-element-button\" href=\"https:\/\/noria-research.com\/turkey-program\/fr\/programme-turquie\/a-propos-du-programme-turquie\/\">A propos du programme<\/a><\/div>\n<\/div>\n\n\n\n<p><\/p>\n","protected":false},"excerpt":{"rendered":"<p>Ce programme n&#8217;est pas actif pour le moment. Les archives de ses publications sont disponibles ici Cr\u00e9\u00e9 en 2019, le programme Turquie de Noria a pour objectif d\u2019\u00e9tudier les reconfigurations du politique au prisme des \u00e9volutions du r\u00e9gime.<\/p>\n","protected":false},"author":129,"featured_media":0,"parent":0,"menu_order":0,"comment_status":"closed","ping_status":"closed","template":"","meta":{"footnotes":""},"podcast":[],"project":[],"class_list":["post-106","page","type-page","status-publish","hentry"],"yoast_head":"<!-- This site is optimized with the Yoast SEO plugin v26.0 - https:\/\/yoast.com\/wordpress\/plugins\/seo\/ -->\n<title>Turquie - T\u00fcrkiye<\/title>\n<meta name=\"description\" content=\"Cr\u00e9\u00e9 en 2019, le programme Turquie de Noria a pour objectif d\u2019\u00e9tudier les reconfigurations du politique au prisme des \u00e9volutions du r\u00e9gime.\" \/>\n<meta name=\"robots\" content=\"index, follow, max-snippet:-1, max-image-preview:large, max-video-preview:-1\" \/>\n<link rel=\"canonical\" href=\"https:\/\/noria-research.com\/turkey-program\/fr\/\" \/>\n<meta property=\"og:locale\" content=\"en_US\" \/>\n<meta property=\"og:type\" content=\"article\" \/>\n<meta property=\"og:title\" content=\"Turquie - T\u00fcrkiye\" \/>\n<meta property=\"og:description\" content=\"Cr\u00e9\u00e9 en 2019, le programme Turquie de Noria a pour objectif d\u2019\u00e9tudier les reconfigurations du politique au prisme des \u00e9volutions du r\u00e9gime.\" \/>\n<meta property=\"og:url\" content=\"https:\/\/noria-research.com\/turkey-program\/fr\/\" \/>\n<meta property=\"og:site_name\" content=\"T\u00fcrkiye\" \/>\n<meta property=\"article:modified_time\" content=\"2025-11-27T10:18:28+00:00\" \/>\n<meta name=\"twitter:card\" content=\"summary_large_image\" \/>\n<meta name=\"twitter:label1\" content=\"Est. reading time\" \/>\n\t<meta name=\"twitter:data1\" content=\"1 minute\" \/>\n<script type=\"application\/ld+json\" class=\"yoast-schema-graph\">{\"@context\":\"https:\/\/schema.org\",\"@graph\":[{\"@type\":\"WebPage\",\"@id\":\"https:\/\/noria-research.com\/turkey-program\/fr\/\",\"url\":\"https:\/\/noria-research.com\/turkey-program\/fr\/\",\"name\":\"Turquie - T\u00fcrkiye\",\"isPartOf\":{\"@id\":\"https:\/\/noria-research.com\/turkey-program\/#website\"},\"datePublished\":\"2024-01-04T20:38:47+00:00\",\"dateModified\":\"2025-11-27T10:18:28+00:00\",\"description\":\"Cr\u00e9\u00e9 en 2019, le programme Turquie de Noria a pour objectif d\u2019\u00e9tudier les reconfigurations du politique au prisme des \u00e9volutions du r\u00e9gime.\",\"breadcrumb\":{\"@id\":\"https:\/\/noria-research.com\/turkey-program\/fr\/#breadcrumb\"},\"inLanguage\":\"en-US\",\"potentialAction\":[{\"@type\":\"ReadAction\",\"target\":[\"https:\/\/noria-research.com\/turkey-program\/fr\/\"]}]},{\"@type\":\"BreadcrumbList\",\"@id\":\"https:\/\/noria-research.com\/turkey-program\/fr\/#breadcrumb\",\"itemListElement\":[{\"@type\":\"ListItem\",\"position\":1,\"name\":\"Turquie\",\"item\":\"https:\/\/noria-research.com\/turkey-program\/\"},{\"@type\":\"ListItem\",\"position\":2,\"name\":\"Turquie\"}]},{\"@type\":\"WebSite\",\"@id\":\"https:\/\/noria-research.com\/turkey-program\/#website\",\"url\":\"https:\/\/noria-research.com\/turkey-program\/\",\"name\":\"T\u00fcrkiye\",\"description\":\"\",\"publisher\":{\"@id\":\"https:\/\/noria-research.com\/turkey-program\/#organization\"},\"potentialAction\":[{\"@type\":\"SearchAction\",\"target\":{\"@type\":\"EntryPoint\",\"urlTemplate\":\"https:\/\/noria-research.com\/turkey-program\/?s={search_term_string}\"},\"query-input\":{\"@type\":\"PropertyValueSpecification\",\"valueRequired\":true,\"valueName\":\"search_term_string\"}}],\"inLanguage\":\"en-US\"},{\"@type\":\"Organization\",\"@id\":\"https:\/\/noria-research.com\/turkey-program\/#organization\",\"name\":\"T\u00fcrkiye\",\"url\":\"https:\/\/noria-research.com\/turkey-program\/\",\"logo\":{\"@type\":\"ImageObject\",\"inLanguage\":\"en-US\",\"@id\":\"https:\/\/noria-research.com\/turkey-program\/#\/schema\/logo\/image\/\",\"url\":\"https:\/\/noria-research.com\/turkey-program\/wp-content\/uploads\/2023\/12\/Logo-Noria-Turkey-Blanc.svg\",\"contentUrl\":\"https:\/\/noria-research.com\/turkey-program\/wp-content\/uploads\/2023\/12\/Logo-Noria-Turkey-Blanc.svg\",\"caption\":\"T\u00fcrkiye\"},\"image\":{\"@id\":\"https:\/\/noria-research.com\/turkey-program\/#\/schema\/logo\/image\/\"}}]}<\/script>\n<!-- \/ Yoast SEO plugin. -->","yoast_head_json":{"title":"Turquie - T\u00fcrkiye","description":"Cr\u00e9\u00e9 en 2019, le programme Turquie de Noria a pour objectif d\u2019\u00e9tudier les reconfigurations du politique au prisme des \u00e9volutions du r\u00e9gime.","robots":{"index":"index","follow":"follow","max-snippet":"max-snippet:-1","max-image-preview":"max-image-preview:large","max-video-preview":"max-video-preview:-1"},"canonical":"https:\/\/noria-research.com\/turkey-program\/fr\/","og_locale":"en_US","og_type":"article","og_title":"Turquie - T\u00fcrkiye","og_description":"Cr\u00e9\u00e9 en 2019, le programme Turquie de Noria a pour objectif d\u2019\u00e9tudier les reconfigurations du politique au prisme des \u00e9volutions du r\u00e9gime.","og_url":"https:\/\/noria-research.com\/turkey-program\/fr\/","og_site_name":"T\u00fcrkiye","article_modified_time":"2025-11-27T10:18:28+00:00","twitter_card":"summary_large_image","twitter_misc":{"Est. reading time":"1 minute"},"schema":{"@context":"https:\/\/schema.org","@graph":[{"@type":"WebPage","@id":"https:\/\/noria-research.com\/turkey-program\/fr\/","url":"https:\/\/noria-research.com\/turkey-program\/fr\/","name":"Turquie - T\u00fcrkiye","isPartOf":{"@id":"https:\/\/noria-research.com\/turkey-program\/#website"},"datePublished":"2024-01-04T20:38:47+00:00","dateModified":"2025-11-27T10:18:28+00:00","description":"Cr\u00e9\u00e9 en 2019, le programme Turquie de Noria a pour objectif d\u2019\u00e9tudier les reconfigurations du politique au prisme des \u00e9volutions du r\u00e9gime.","breadcrumb":{"@id":"https:\/\/noria-research.com\/turkey-program\/fr\/#breadcrumb"},"inLanguage":"en-US","potentialAction":[{"@type":"ReadAction","target":["https:\/\/noria-research.com\/turkey-program\/fr\/"]}]},{"@type":"BreadcrumbList","@id":"https:\/\/noria-research.com\/turkey-program\/fr\/#breadcrumb","itemListElement":[{"@type":"ListItem","position":1,"name":"Turquie","item":"https:\/\/noria-research.com\/turkey-program\/"},{"@type":"ListItem","position":2,"name":"Turquie"}]},{"@type":"WebSite","@id":"https:\/\/noria-research.com\/turkey-program\/#website","url":"https:\/\/noria-research.com\/turkey-program\/","name":"T\u00fcrkiye","description":"","publisher":{"@id":"https:\/\/noria-research.com\/turkey-program\/#organization"},"potentialAction":[{"@type":"SearchAction","target":{"@type":"EntryPoint","urlTemplate":"https:\/\/noria-research.com\/turkey-program\/?s={search_term_string}"},"query-input":{"@type":"PropertyValueSpecification","valueRequired":true,"valueName":"search_term_string"}}],"inLanguage":"en-US"},{"@type":"Organization","@id":"https:\/\/noria-research.com\/turkey-program\/#organization","name":"T\u00fcrkiye","url":"https:\/\/noria-research.com\/turkey-program\/","logo":{"@type":"ImageObject","inLanguage":"en-US","@id":"https:\/\/noria-research.com\/turkey-program\/#\/schema\/logo\/image\/","url":"https:\/\/noria-research.com\/turkey-program\/wp-content\/uploads\/2023\/12\/Logo-Noria-Turkey-Blanc.svg","contentUrl":"https:\/\/noria-research.com\/turkey-program\/wp-content\/uploads\/2023\/12\/Logo-Noria-Turkey-Blanc.svg","caption":"T\u00fcrkiye"},"image":{"@id":"https:\/\/noria-research.com\/turkey-program\/#\/schema\/logo\/image\/"}}]}},"_links":{"self":[{"href":"https:\/\/noria-research.com\/turkey-program\/wp-json\/wp\/v2\/pages\/106","targetHints":{"allow":["GET"]}}],"collection":[{"href":"https:\/\/noria-research.com\/turkey-program\/wp-json\/wp\/v2\/pages"}],"about":[{"href":"https:\/\/noria-research.com\/turkey-program\/wp-json\/wp\/v2\/types\/page"}],"author":[{"embeddable":true,"href":"https:\/\/noria-research.com\/turkey-program\/wp-json\/wp\/v2\/users\/129"}],"replies":[{"embeddable":true,"href":"https:\/\/noria-research.com\/turkey-program\/wp-json\/wp\/v2\/comments?post=106"}],"version-history":[{"count":6,"href":"https:\/\/noria-research.com\/turkey-program\/wp-json\/wp\/v2\/pages\/106\/revisions"}],"predecessor-version":[{"id":146,"href":"https:\/\/noria-research.com\/turkey-program\/wp-json\/wp\/v2\/pages\/106\/revisions\/146"}],"wp:attachment":[{"href":"https:\/\/noria-research.com\/turkey-program\/wp-json\/wp\/v2\/media?parent=106"}],"wp:term":[{"taxonomy":"podcast","embeddable":true,"href":"https:\/\/noria-research.com\/turkey-program\/wp-json\/wp\/v2\/podcast?post=106"},{"taxonomy":"project","embeddable":true,"href":"https:\/\/noria-research.com\/turkey-program\/wp-json\/wp\/v2\/project?post=106"}],"curies":[{"name":"wp","href":"https:\/\/api.w.org\/{rel}","templated":true}]}}