{"id":18,"date":"2023-12-14T17:37:47","date_gmt":"2023-12-14T16:37:47","guid":{"rendered":"https:\/\/noria-research.com\/mxac2\/?page_id=18"},"modified":"2026-03-26T08:48:14","modified_gmt":"2026-03-26T07:48:14","slug":"manifesto","status":"publish","type":"page","link":"https:\/\/noria-research.com\/mxac\/es\/manifesto\/","title":{"rendered":"Noria Research M\u00e9xico y Centroam\u00e9rica A.C."},"content":{"rendered":"\n<h2 class=\"wp-block-heading\"><strong>\u00bfQui\u00e9nes somos?<\/strong><\/h2>\n\n\n\n<p>Noria MXCA naci\u00f3 como el cap\u00edtulo en M\u00e9xico y Centroam\u00e9rica de Noria Research, una organizaci\u00f3n fundada en Francia que conecta a investigadorxs, periodistas, fot\u00f3grafxs y profesionales comprometidos en comprender las crisis de seguridad en distintas regiones del mundo y desarrollar propuestas innovadoras con impacto social. Buscamos redefinir el an\u00e1lisis de la violencia y las pol\u00edticas de seguridad p\u00fablica en M\u00e9xico mediante proyectos de atenci\u00f3n, prevenci\u00f3n y reducci\u00f3n de la violencia basados en una metodolog\u00eda \u00fanica: <strong>documentar, medir e incidir<\/strong>.<\/p>\n\n\n\n<h2 class=\"wp-block-heading\"><strong>Misi\u00f3n<\/strong><\/h2>\n\n\n\n<p>Abordamos la seguridad como un problema social que afecta profundamente la vida cotidiana de las personas, no s\u00f3lo como un asunto p\u00fablico que debe ser atendido desde el quehacer del Estado. Nos comprometemos a construir alianzas con organizaciones locales y nacionales, a conocer y trabajar con las comunidades y a comprender su contexto particular. Nuestra metodolog\u00eda cr\u00edtica analiza las problem\u00e1ticas de seguridad en M\u00e9xico y ampl\u00eda el alcance de nuestros estudios para incluir tanto a las comunidades afectadas como a un p\u00fablico amplio, siempre con un enfoque de derechos humanos y una perspectiva feminista interseccional.<\/p>\n\n\n\n<h2 class=\"wp-block-heading\"><strong>Visi\u00f3n<\/strong><\/h2>\n\n\n\n<p>Aspiramos a ser un referente en la transformaci\u00f3n<strong> de la percepci\u00f3n y abordaje de la seguridad, violencias, pol\u00edtica de drogas y derechos humanos en M\u00e9xico.<\/strong> Nos interesa un futuro en el que los problemas sociales se comprendan y aborden de manera integral, reconociendo las particularidades de los contextos locales y las iniciativas de resistencia de comunidades y organizaciones. Nos interesa convertirnos en una fuente de an\u00e1lisis cr\u00edtico y riguroso, as\u00ed como en un actor clave en la construcci\u00f3n de alianzas estrat\u00e9gicas para generar cambios de impacto en la regi\u00f3n.<\/p>\n\n\n\n<h2 class=\"wp-block-heading\"><strong>Contacto<\/strong><\/h2>\n\n\n\n<p><a href=\"mailto:mxac@noria-research.com\"><u>mxac@noria-research.com<\/u><\/a><\/p>\n\n\n\n<div class=\"wp-block-cover alignfull has-parallax\" style=\"min-height:377px;aspect-ratio:unset;\"><div class=\"wp-block-cover__image-background has-parallax\" style=\"background-position:50% 50%;background-image:url(https:\/\/s.w.org\/images\/core\/5.8\/art-01.jpg)\"><\/div><span aria-hidden=\"true\" class=\"wp-block-cover__background has-background-dim-40 has-background-dim\" style=\"background-color:#000000\"><\/span><div class=\"wp-block-cover__inner-container is-layout-flow wp-block-cover-is-layout-flow\">\n<h2 class=\"wp-block-heading alignwide has-white-color has-text-color\" style=\"font-size:48px;line-height:1.2\">Nuestro manifesto<\/h2>\n\n\n\n<div class=\"wp-block-columns alignwide is-layout-flex wp-container-core-columns-is-layout-9d6595d7 wp-block-columns-is-layout-flex\">\n<div class=\"wp-block-column is-layout-flow wp-block-column-is-layout-flow\" style=\"flex-basis:60%\">\n<p>Trascender las guerras: Desentra\u00f1ar las violencias en M\u00e9xico y Centroam\u00e9rica desde lo local<\/p>\n\n\n\n<div class=\"wp-block-buttons is-layout-flex wp-block-buttons-is-layout-flex\">\n<div class=\"wp-block-button is-style-outline is-style-outline--1\"><a class=\"wp-block-button__link has-white-color has-text-color has-background wp-element-button\" href=\"https:\/\/noria-research.com\/mxac\/wp-content\/uploads\/2024\/11\/NORIA-MXCA-MANIFESTO_ES.pdf\" style=\"background-color:#000000\" target=\"_blank\" rel=\"noreferrer noopener\"><strong>Lea aqu\u00ed<\/strong><\/a><\/div>\n<\/div>\n<\/div>\n\n\n\n<div class=\"wp-block-column is-layout-flow wp-block-column-is-layout-flow\"><\/div>\n<\/div>\n<\/div><\/div>\n\n\n\n<div style=\"height:64px\" aria-hidden=\"true\" class=\"wp-block-spacer\"><\/div>\n\n\n\n<h2 class=\"wp-block-heading\">Nuestro equipo<\/h2>\n\n\n\n<div class=\"wp-block-columns is-style-team-list is-layout-flex wp-container-core-columns-is-layout-9d6595d7 wp-block-columns-is-layout-flex\">\n<div class=\"wp-block-column is-layout-flow wp-block-column-is-layout-flow\">\n<figure class=\"wp-block-image aligncenter size-full is-style-author\"><img loading=\"lazy\" decoding=\"async\" width=\"1080\" height=\"1080\" src=\"http:\/\/noria-research.com\/mxac\/wp-content\/uploads\/2024\/11\/BIOGRAPHIES-SITE1.png\" alt=\"\" class=\"wp-image-31818\" style=\"aspect-ratio:1;object-fit:cover\" srcset=\"https:\/\/noria-research.com\/mxac\/wp-content\/uploads\/2024\/11\/BIOGRAPHIES-SITE1.png 1080w, https:\/\/noria-research.com\/mxac\/wp-content\/uploads\/2024\/11\/BIOGRAPHIES-SITE1-1000x1000.png 1000w, https:\/\/noria-research.com\/mxac\/wp-content\/uploads\/2024\/11\/BIOGRAPHIES-SITE1-500x500.png 500w, https:\/\/noria-research.com\/mxac\/wp-content\/uploads\/2024\/11\/BIOGRAPHIES-SITE1-768x768.png 768w\" sizes=\"auto, (max-width: 1080px) 100vw, 1080px\" \/><\/figure>\n\n\n\n<div class=\"wp-block-group has-beige-background-color has-background is-vertical is-layout-flex wp-container-core-group-is-layout-8cf370e7 wp-block-group-is-layout-flex\">\n<h3 class=\"wp-block-heading has-text-align-left has-black-color has-text-color has-link-color wp-elements-7080572ec685bc5b7553818f9f9dc0a0\" style=\"text-decoration:none\"><a href=\"https:\/\/noria-research.com\/mxac\/es\/author\/maria-martineztrujilo\/\">Mar\u00eda Teresa Mart\u00ednez Trujillo<\/a><\/h3>\n\n\n\n<hr class=\"wp-block-separator has-alpha-channel-opacity is-style-default\"\/>\n\n\n\n<p>Directora Ejecutiva<\/p>\n<\/div>\n<\/div>\n\n\n\n<div class=\"wp-block-column is-layout-flow wp-block-column-is-layout-flow\">\n<figure class=\"wp-block-image aligncenter size-thumbnail is-style-author\"><img loading=\"lazy\" decoding=\"async\" width=\"500\" height=\"500\" src=\"http:\/\/noria-research.com\/mxac\/wp-content\/uploads\/2024\/11\/BIOGRAPHIES-SITE2-500x500.png\" alt=\"\" class=\"wp-image-31819\" style=\"aspect-ratio:1;object-fit:cover\" srcset=\"https:\/\/noria-research.com\/mxac\/wp-content\/uploads\/2024\/11\/BIOGRAPHIES-SITE2-500x500.png 500w, https:\/\/noria-research.com\/mxac\/wp-content\/uploads\/2024\/11\/BIOGRAPHIES-SITE2-1000x1000.png 1000w, https:\/\/noria-research.com\/mxac\/wp-content\/uploads\/2024\/11\/BIOGRAPHIES-SITE2-768x768.png 768w, https:\/\/noria-research.com\/mxac\/wp-content\/uploads\/2024\/11\/BIOGRAPHIES-SITE2.png 1080w\" sizes=\"auto, (max-width: 500px) 100vw, 500px\" \/><\/figure>\n\n\n\n<div class=\"wp-block-group has-beige-background-color has-background is-vertical is-layout-flex wp-container-core-group-is-layout-8cf370e7 wp-block-group-is-layout-flex\">\n<h3 class=\"wp-block-heading has-text-align-left has-black-color has-text-color has-link-color wp-elements-10b2a7d0307ce56bb037e8223ae2e56e\"><a href=\"https:\/\/noria-research.com\/mxac\/es\/author\/rebecarodriguez\/\">Rebeca Rodr\u00edguez Borrajo<\/a><\/h3>\n\n\n\n<hr class=\"wp-block-separator has-alpha-channel-opacity is-style-default\"\/>\n\n\n\n<p>Directora de Administraci\u00f3n y Desarrollo Institucional<\/p>\n<\/div>\n<\/div>\n\n\n\n<div class=\"wp-block-column is-layout-flow wp-block-column-is-layout-flow\">\n<figure class=\"wp-block-image aligncenter size-full is-style-author\"><img loading=\"lazy\" decoding=\"async\" width=\"1080\" height=\"1080\" src=\"http:\/\/noria-research.com\/mxac\/wp-content\/uploads\/2024\/11\/BIOGRAPHIES-SITE3.png\" alt=\"\" class=\"wp-image-31820\" style=\"aspect-ratio:1;object-fit:cover\" srcset=\"https:\/\/noria-research.com\/mxac\/wp-content\/uploads\/2024\/11\/BIOGRAPHIES-SITE3.png 1080w, https:\/\/noria-research.com\/mxac\/wp-content\/uploads\/2024\/11\/BIOGRAPHIES-SITE3-1000x1000.png 1000w, https:\/\/noria-research.com\/mxac\/wp-content\/uploads\/2024\/11\/BIOGRAPHIES-SITE3-500x500.png 500w, https:\/\/noria-research.com\/mxac\/wp-content\/uploads\/2024\/11\/BIOGRAPHIES-SITE3-768x768.png 768w\" sizes=\"auto, (max-width: 1080px) 100vw, 1080px\" \/><\/figure>\n\n\n\n<div class=\"wp-block-group has-beige-background-color has-background is-vertical is-layout-flex wp-container-core-group-is-layout-8cf370e7 wp-block-group-is-layout-flex\">\n<h3 class=\"wp-block-heading has-text-align-left has-black-color has-text-color has-link-color wp-elements-26e3b6fb43d6223f88e0c28b766fc4d4\"><strong><a href=\"https:\/\/noria-research.com\/mxac\/es\/author\/msanchez\/\">Maribel Flores S\u00e1nchez<\/a><\/strong><\/h3>\n\n\n\n<hr class=\"wp-block-separator has-alpha-channel-opacity is-style-default\"\/>\n\n\n\n<p>Directora de Incidencia y Comunicaci\u00f3n<\/p>\n<\/div>\n<\/div>\n<\/div>\n\n\n\n<div class=\"wp-block-columns is-style-team-list is-layout-flex wp-container-core-columns-is-layout-9d6595d7 wp-block-columns-is-layout-flex\">\n<div class=\"wp-block-column is-layout-flow wp-block-column-is-layout-flow\"><\/div>\n<\/div>\n\n\n\n<details class=\"wp-block-details is-layout-flow wp-block-details-is-layout-flow\"><summary><br><strong>AVISO DE PRIVACIDAD<\/strong><\/summary>\n<p>Noria Research M\u00e9xico y Centroam\u00e9rica A.C. es responsable del tratamiento de tus datos personales conforme a lo establecido en la Ley Federal mexicana de Protecci\u00f3n de Datos Personales en Posesi\u00f3n de los Particulares y se responsabiliza para hacer un uso responsable de la informaci\u00f3n que voluntariamente nos proporciones. Podr\u00e1s ejercitar tus derechos de acceso, rectificaci\u00f3n y cancelaci\u00f3n de datos personales, as\u00ed como de oposici\u00f3n al tratamiento de los mismos o revocar el consentimiento que para tal fin nos hayas otorgado a trav\u00e9s del correo <a href=\"mailto:mxca@noria-research.com\"><u>mxac@noria-research.com<\/u><\/a>.<\/p>\n<\/details>\n","protected":false},"excerpt":{"rendered":"<p>\u00bfQui\u00e9nes somos? Noria MXCA naci\u00f3 como el cap\u00edtulo en M\u00e9xico y Centroam\u00e9rica de Noria Research, una organizaci\u00f3n fundada en Francia que conecta a investigadorxs, periodistas, fot\u00f3grafxs y profesionales comprometidos en comprender las crisis de seguridad en distintas regiones del mundo y desarrollar propuestas innovadoras con impacto social. Buscamos redefinir el an\u00e1lisis de la violencia y [&hellip;]<\/p>\n","protected":false},"author":411,"featured_media":0,"parent":0,"menu_order":0,"comment_status":"closed","ping_status":"closed","template":"page-with-sidebar","meta":{"footnotes":""},"podcast":[],"project":[],"class_list":["post-18","page","type-page","status-publish","hentry"],"yoast_head":"<!-- This site is optimized with the Yoast SEO plugin v26.0 - https:\/\/yoast.com\/wordpress\/plugins\/seo\/ -->\n<title>Noria Research M\u00e9xico y Centroam\u00e9rica A.C. - Mexico &amp; Central America<\/title>\n<meta name=\"robots\" content=\"index, follow, max-snippet:-1, max-image-preview:large, max-video-preview:-1\" \/>\n<link rel=\"canonical\" href=\"https:\/\/noria-research.com\/mxac\/es\/manifesto\/\" \/>\n<meta property=\"og:locale\" content=\"en_US\" \/>\n<meta property=\"og:type\" content=\"article\" \/>\n<meta property=\"og:title\" content=\"Noria Research M\u00e9xico y Centroam\u00e9rica A.C. - Mexico &amp; Central America\" \/>\n<meta property=\"og:description\" content=\"\u00bfQui\u00e9nes somos? Noria MXCA naci\u00f3 como el cap\u00edtulo en M\u00e9xico y Centroam\u00e9rica de Noria Research, una organizaci\u00f3n fundada en Francia que conecta a investigadorxs, periodistas, fot\u00f3grafxs y profesionales comprometidos en comprender las crisis de seguridad en distintas regiones del mundo y desarrollar propuestas innovadoras con impacto social. Buscamos redefinir el an\u00e1lisis de la violencia y [&hellip;]\" \/>\n<meta property=\"og:url\" content=\"https:\/\/noria-research.com\/mxac\/es\/manifesto\/\" \/>\n<meta property=\"og:site_name\" content=\"Mexico &amp; Central America\" \/>\n<meta property=\"article:modified_time\" content=\"2026-03-26T07:48:14+00:00\" \/>\n<meta name=\"twitter:card\" content=\"summary_large_image\" \/>\n<meta name=\"twitter:label1\" content=\"Est. reading time\" \/>\n\t<meta name=\"twitter:data1\" content=\"3 minutes\" \/>\n<script type=\"application\/ld+json\" class=\"yoast-schema-graph\">{\"@context\":\"https:\/\/schema.org\",\"@graph\":[{\"@type\":\"WebPage\",\"@id\":\"https:\/\/noria-research.com\/mxac\/es\/manifesto\/\",\"url\":\"https:\/\/noria-research.com\/mxac\/es\/manifesto\/\",\"name\":\"Noria Research M\u00e9xico y Centroam\u00e9rica A.C. - Mexico &amp; Central America\",\"isPartOf\":{\"@id\":\"https:\/\/noria-research.com\/mxac\/#website\"},\"primaryImageOfPage\":{\"@id\":\"https:\/\/noria-research.com\/mxac\/es\/manifesto\/#primaryimage\"},\"image\":{\"@id\":\"https:\/\/noria-research.com\/mxac\/es\/manifesto\/#primaryimage\"},\"thumbnailUrl\":\"http:\/\/noria-research.com\/mxac\/wp-content\/uploads\/2024\/11\/BIOGRAPHIES-SITE1.png\",\"datePublished\":\"2023-12-14T16:37:47+00:00\",\"dateModified\":\"2026-03-26T07:48:14+00:00\",\"breadcrumb\":{\"@id\":\"https:\/\/noria-research.com\/mxac\/es\/manifesto\/#breadcrumb\"},\"inLanguage\":\"en-US\",\"potentialAction\":[{\"@type\":\"ReadAction\",\"target\":[\"https:\/\/noria-research.com\/mxac\/es\/manifesto\/\"]}]},{\"@type\":\"ImageObject\",\"inLanguage\":\"en-US\",\"@id\":\"https:\/\/noria-research.com\/mxac\/es\/manifesto\/#primaryimage\",\"url\":\"http:\/\/noria-research.com\/mxac\/wp-content\/uploads\/2024\/11\/BIOGRAPHIES-SITE1.png\",\"contentUrl\":\"http:\/\/noria-research.com\/mxac\/wp-content\/uploads\/2024\/11\/BIOGRAPHIES-SITE1.png\"},{\"@type\":\"BreadcrumbList\",\"@id\":\"https:\/\/noria-research.com\/mxac\/es\/manifesto\/#breadcrumb\",\"itemListElement\":[{\"@type\":\"ListItem\",\"position\":1,\"name\":\"Mexique et Am\u00e9rique Centrale\",\"item\":\"https:\/\/noria-research.com\/mxac\/\"},{\"@type\":\"ListItem\",\"position\":2,\"name\":\"Noria Research M\u00e9xico y Centroam\u00e9rica A.C.\"}]},{\"@type\":\"WebSite\",\"@id\":\"https:\/\/noria-research.com\/mxac\/#website\",\"url\":\"https:\/\/noria-research.com\/mxac\/\",\"name\":\"Mexico &amp; Central America\",\"description\":\"\",\"publisher\":{\"@id\":\"https:\/\/noria-research.com\/mxac\/#organization\"},\"potentialAction\":[{\"@type\":\"SearchAction\",\"target\":{\"@type\":\"EntryPoint\",\"urlTemplate\":\"https:\/\/noria-research.com\/mxac\/?s={search_term_string}\"},\"query-input\":{\"@type\":\"PropertyValueSpecification\",\"valueRequired\":true,\"valueName\":\"search_term_string\"}}],\"inLanguage\":\"en-US\"},{\"@type\":\"Organization\",\"@id\":\"https:\/\/noria-research.com\/mxac\/#organization\",\"name\":\"Mexico &amp; Central America\",\"url\":\"https:\/\/noria-research.com\/mxac\/\",\"logo\":{\"@type\":\"ImageObject\",\"inLanguage\":\"en-US\",\"@id\":\"https:\/\/noria-research.com\/mxac\/#\/schema\/logo\/image\/\",\"url\":\"https:\/\/noria-research.com\/mxac\/wp-content\/uploads\/2024\/12\/Logo-Noria-Mexico-bis-Blanc.svg\",\"contentUrl\":\"https:\/\/noria-research.com\/mxac\/wp-content\/uploads\/2024\/12\/Logo-Noria-Mexico-bis-Blanc.svg\",\"caption\":\"Mexico &amp; Central America\"},\"image\":{\"@id\":\"https:\/\/noria-research.com\/mxac\/#\/schema\/logo\/image\/\"}}]}<\/script>\n<!-- \/ Yoast SEO plugin. -->","yoast_head_json":{"title":"Noria Research M\u00e9xico y Centroam\u00e9rica A.C. - Mexico &amp; Central America","robots":{"index":"index","follow":"follow","max-snippet":"max-snippet:-1","max-image-preview":"max-image-preview:large","max-video-preview":"max-video-preview:-1"},"canonical":"https:\/\/noria-research.com\/mxac\/es\/manifesto\/","og_locale":"en_US","og_type":"article","og_title":"Noria Research M\u00e9xico y Centroam\u00e9rica A.C. - Mexico &amp; Central America","og_description":"\u00bfQui\u00e9nes somos? Noria MXCA naci\u00f3 como el cap\u00edtulo en M\u00e9xico y Centroam\u00e9rica de Noria Research, una organizaci\u00f3n fundada en Francia que conecta a investigadorxs, periodistas, fot\u00f3grafxs y profesionales comprometidos en comprender las crisis de seguridad en distintas regiones del mundo y desarrollar propuestas innovadoras con impacto social. Buscamos redefinir el an\u00e1lisis de la violencia y [&hellip;]","og_url":"https:\/\/noria-research.com\/mxac\/es\/manifesto\/","og_site_name":"Mexico &amp; Central America","article_modified_time":"2026-03-26T07:48:14+00:00","twitter_card":"summary_large_image","twitter_misc":{"Est. reading time":"3 minutes"},"schema":{"@context":"https:\/\/schema.org","@graph":[{"@type":"WebPage","@id":"https:\/\/noria-research.com\/mxac\/es\/manifesto\/","url":"https:\/\/noria-research.com\/mxac\/es\/manifesto\/","name":"Noria Research M\u00e9xico y Centroam\u00e9rica A.C. - Mexico &amp; Central America","isPartOf":{"@id":"https:\/\/noria-research.com\/mxac\/#website"},"primaryImageOfPage":{"@id":"https:\/\/noria-research.com\/mxac\/es\/manifesto\/#primaryimage"},"image":{"@id":"https:\/\/noria-research.com\/mxac\/es\/manifesto\/#primaryimage"},"thumbnailUrl":"http:\/\/noria-research.com\/mxac\/wp-content\/uploads\/2024\/11\/BIOGRAPHIES-SITE1.png","datePublished":"2023-12-14T16:37:47+00:00","dateModified":"2026-03-26T07:48:14+00:00","breadcrumb":{"@id":"https:\/\/noria-research.com\/mxac\/es\/manifesto\/#breadcrumb"},"inLanguage":"en-US","potentialAction":[{"@type":"ReadAction","target":["https:\/\/noria-research.com\/mxac\/es\/manifesto\/"]}]},{"@type":"ImageObject","inLanguage":"en-US","@id":"https:\/\/noria-research.com\/mxac\/es\/manifesto\/#primaryimage","url":"http:\/\/noria-research.com\/mxac\/wp-content\/uploads\/2024\/11\/BIOGRAPHIES-SITE1.png","contentUrl":"http:\/\/noria-research.com\/mxac\/wp-content\/uploads\/2024\/11\/BIOGRAPHIES-SITE1.png"},{"@type":"BreadcrumbList","@id":"https:\/\/noria-research.com\/mxac\/es\/manifesto\/#breadcrumb","itemListElement":[{"@type":"ListItem","position":1,"name":"Mexique et Am\u00e9rique Centrale","item":"https:\/\/noria-research.com\/mxac\/"},{"@type":"ListItem","position":2,"name":"Noria Research M\u00e9xico y Centroam\u00e9rica A.C."}]},{"@type":"WebSite","@id":"https:\/\/noria-research.com\/mxac\/#website","url":"https:\/\/noria-research.com\/mxac\/","name":"Mexico &amp; Central America","description":"","publisher":{"@id":"https:\/\/noria-research.com\/mxac\/#organization"},"potentialAction":[{"@type":"SearchAction","target":{"@type":"EntryPoint","urlTemplate":"https:\/\/noria-research.com\/mxac\/?s={search_term_string}"},"query-input":{"@type":"PropertyValueSpecification","valueRequired":true,"valueName":"search_term_string"}}],"inLanguage":"en-US"},{"@type":"Organization","@id":"https:\/\/noria-research.com\/mxac\/#organization","name":"Mexico &amp; Central America","url":"https:\/\/noria-research.com\/mxac\/","logo":{"@type":"ImageObject","inLanguage":"en-US","@id":"https:\/\/noria-research.com\/mxac\/#\/schema\/logo\/image\/","url":"https:\/\/noria-research.com\/mxac\/wp-content\/uploads\/2024\/12\/Logo-Noria-Mexico-bis-Blanc.svg","contentUrl":"https:\/\/noria-research.com\/mxac\/wp-content\/uploads\/2024\/12\/Logo-Noria-Mexico-bis-Blanc.svg","caption":"Mexico &amp; Central America"},"image":{"@id":"https:\/\/noria-research.com\/mxac\/#\/schema\/logo\/image\/"}}]}},"_links":{"self":[{"href":"https:\/\/noria-research.com\/mxac\/wp-json\/wp\/v2\/pages\/18","targetHints":{"allow":["GET"]}}],"collection":[{"href":"https:\/\/noria-research.com\/mxac\/wp-json\/wp\/v2\/pages"}],"about":[{"href":"https:\/\/noria-research.com\/mxac\/wp-json\/wp\/v2\/types\/page"}],"author":[{"embeddable":true,"href":"https:\/\/noria-research.com\/mxac\/wp-json\/wp\/v2\/users\/411"}],"replies":[{"embeddable":true,"href":"https:\/\/noria-research.com\/mxac\/wp-json\/wp\/v2\/comments?post=18"}],"version-history":[{"count":6,"href":"https:\/\/noria-research.com\/mxac\/wp-json\/wp\/v2\/pages\/18\/revisions"}],"predecessor-version":[{"id":646,"href":"https:\/\/noria-research.com\/mxac\/wp-json\/wp\/v2\/pages\/18\/revisions\/646"}],"wp:attachment":[{"href":"https:\/\/noria-research.com\/mxac\/wp-json\/wp\/v2\/media?parent=18"}],"wp:term":[{"taxonomy":"podcast","embeddable":true,"href":"https:\/\/noria-research.com\/mxac\/wp-json\/wp\/v2\/podcast?post=18"},{"taxonomy":"project","embeddable":true,"href":"https:\/\/noria-research.com\/mxac\/wp-json\/wp\/v2\/project?post=18"}],"curies":[{"name":"wp","href":"https:\/\/api.w.org\/{rel}","templated":true}]}}