{"id":8,"date":"2024-06-19T10:22:02","date_gmt":"2024-06-19T08:22:02","guid":{"rendered":"https:\/\/noria-research.com\/africas\/?page_id=8"},"modified":"2025-02-24T22:27:37","modified_gmt":"2025-02-24T21:27:37","slug":"africas","status":"publish","type":"page","link":"https:\/\/noria-research.com\/africas\/","title":{"rendered":"Africas"},"content":{"rendered":"\n<p class=\"is-style-narrow has-large-font-size\">We are bringing together researchers in humanities and social sciences to offer <strong>rigorous analysis based on in-depth empirical studies on Sub-Saharan Africas<\/strong>. These reflections help in understanding the major contemporary issues and challenges facing the African continent, fostering public debate and combating misinformation.<\/p>\n\n\n\n<div class=\"wp-block-buttons is-layout-flex wp-block-buttons-is-layout-flex\">\n<div class=\"wp-block-button\"><a class=\"wp-block-button__link wp-element-button\" href=\"https:\/\/noria-research.com\/africas\/about\/\">About our program<\/a><\/div>\n<\/div>\n\n\n\n<div style=\"height:66px\" aria-hidden=\"true\" class=\"wp-block-spacer\"><\/div>\n\n\n\n<div class=\"wp-block-columns is-layout-flex wp-container-core-columns-is-layout-9d6595d7 wp-block-columns-is-layout-flex\">\n<div class=\"wp-block-column is-layout-flow wp-block-column-is-layout-flow\" style=\"flex-basis:66.66%\">\n<h2 class=\"wp-block-heading is-style-right-arrow has-black-color has-text-color has-link-color wp-elements-ef2744f974b86eecc85c1149b96634cc\" id=\"latest-news\"><a href=\"https:\/\/noria-research.com\/publications\/?region=africa&amp;author_id=&amp;category_name%5B%5D=article&amp;category_name%5B%5D=cartography&amp;category_name%5B%5D=photo-report&amp;category_name%5B%5D=podcast\">Latest Publications<\/a><\/h2>\n\n\n\n<div class=\"wp-block-query is-style-bottom-line is-layout-flow wp-block-query-is-layout-flow\"><ul class=\"columns-3 wp-block-post-template is-layout-grid wp-container-core-post-template-is-layout-2fc57c17 wp-block-post-template-is-layout-grid\"><li class=\"wp-block-post post-543 post type-post status-publish format-standard has-post-thumbnail hentry category-article tag-afrique-de-louest tag-archive tag-ethique tag-histoire tag-recherche region-afrique\">\n<figure style=\"aspect-ratio:3\/2;\" class=\"wp-block-post-featured-image\"><a href=\"https:\/\/noria-research.com\/africas\/fr\/archives-et-ethique-de-la-recherche-en-histoire-de-lafrique\/\" target=\"_self\"  ><img loading=\"lazy\" decoding=\"async\" width=\"1898\" height=\"1188\" src=\"https:\/\/noria-research.com\/africas\/wp-content\/uploads\/2025\/12\/ArchivesTiquet2019.jpg\" class=\"attachment-post-thumbnail size-post-thumbnail wp-post-image\" alt=\"Archives et \u00e9thique de la recherche en histoire de l&#8217;Afrique\u00a0: retour d\u2019exp\u00e9riences sur diff\u00e9rents terrains ouest-africains\" style=\"width:100%;height:100%;object-fit:cover;\" \/><\/a><\/figure>\n\n\n<div class=\"wp-block-group is-nowrap is-layout-flex wp-container-core-group-is-layout-ad2f72ca wp-block-group-is-layout-flex\"><div style=\"font-style:normal;font-weight:700;text-transform:uppercase\" class=\"taxonomy-category has-link-color wp-elements-95d1d5d87a409dfcb7b6e4c5021f8269 wp-block-post-terms has-text-color has-white-color has-background has-orange-background-color has-small-font-size\"><a href=\"https:\/\/noria-research.com\/africas\/fr\/category\/article\/\" rel=\"tag\">Article<\/a><\/div>\n\n<h6 style=\"font-style:normal;font-weight:400;\" class=\"wp-block-site-title has-medium-font-size\">Africas<\/h6><\/div>\n\n\n<h2 class=\"has-link-color wp-elements-1c2ee1c28516952df80b30df07526130 wp-block-post-title has-text-color has-black-color has-medium-font-size\"><a href=\"https:\/\/noria-research.com\/africas\/fr\/archives-et-ethique-de-la-recherche-en-histoire-de-lafrique\/\" target=\"_self\" >Archives et \u00e9thique de la recherche en histoire de l&#8217;Afrique\u00a0: retour d\u2019exp\u00e9riences sur diff\u00e9rents terrains ouest-africains<\/a><\/h2>\n\n\n<div class=\"wp-block-group is-nowrap is-layout-flex wp-container-core-group-is-layout-ad2f72ca wp-block-group-is-layout-flex\"><div class=\"has-link-color wp-elements-0d7641485c08572b1858f42576ef9dc1 wp-block-post-date has-text-color has-dark-grey-color has-small-font-size\"><time datetime=\"2025-12-08T18:20:37+01:00\">8 December 2025<\/time><\/div>\n\n<div class=\"wp-block-post-author has-small-font-size\"><div class=\"wp-block-post-author__content\"><p class=\"wp-block-post-author__byline\">by<\/p><p class=\"wp-block-post-author__name\"><a href=\"https:\/\/noria-research.com\/africas\/author\/romaintiquet\/\" target=\"_self\">Romain Tiquet<\/a><\/p><\/div><\/div><\/div>\n\n<\/li><li class=\"wp-block-post post-531 post type-post status-publish format-standard has-post-thumbnail hentry category-article region-afrique\">\n<figure style=\"aspect-ratio:3\/2;\" class=\"wp-block-post-featured-image\"><a href=\"https:\/\/noria-research.com\/africas\/fr\/corona-vu-den-bas-ethnographie-des-vecus-quotidiens-de-la-pandemie-a-lest-du-cameroun\/\" target=\"_self\"  ><img loading=\"lazy\" decoding=\"async\" width=\"1536\" height=\"1024\" src=\"https:\/\/noria-research.com\/africas\/wp-content\/uploads\/2025\/11\/image-4.png\" class=\"attachment-post-thumbnail size-post-thumbnail wp-post-image\" alt=\"Corona vu d&#8217;en bas: Ethnographie des v\u00e9cus quotidiens de la pand\u00e9mie \u00e0 l\u2019Est du Cameroun\" style=\"width:100%;height:100%;object-fit:cover;\" \/><\/a><\/figure>\n\n\n<div class=\"wp-block-group is-nowrap is-layout-flex wp-container-core-group-is-layout-ad2f72ca wp-block-group-is-layout-flex\"><div style=\"font-style:normal;font-weight:700;text-transform:uppercase\" class=\"taxonomy-category has-link-color wp-elements-95d1d5d87a409dfcb7b6e4c5021f8269 wp-block-post-terms has-text-color has-white-color has-background has-orange-background-color has-small-font-size\"><a href=\"https:\/\/noria-research.com\/africas\/fr\/category\/article\/\" rel=\"tag\">Article<\/a><\/div>\n\n<h6 style=\"font-style:normal;font-weight:400;\" class=\"wp-block-site-title has-medium-font-size\">Africas<\/h6><\/div>\n\n\n<h2 class=\"has-link-color wp-elements-1c2ee1c28516952df80b30df07526130 wp-block-post-title has-text-color has-black-color has-medium-font-size\"><a href=\"https:\/\/noria-research.com\/africas\/fr\/corona-vu-den-bas-ethnographie-des-vecus-quotidiens-de-la-pandemie-a-lest-du-cameroun\/\" target=\"_self\" >Corona vu d&#8217;en bas: Ethnographie des v\u00e9cus quotidiens de la pand\u00e9mie \u00e0 l\u2019Est du Cameroun<\/a><\/h2>\n\n\n<div class=\"wp-block-group is-nowrap is-layout-flex wp-container-core-group-is-layout-ad2f72ca wp-block-group-is-layout-flex\"><div class=\"has-link-color wp-elements-0d7641485c08572b1858f42576ef9dc1 wp-block-post-date has-text-color has-dark-grey-color has-small-font-size\"><time datetime=\"2025-11-17T15:55:49+01:00\">17 November 2025<\/time><\/div>\n\n<div class=\"wp-block-post-author has-small-font-size\"><div class=\"wp-block-post-author__content\"><p class=\"wp-block-post-author__byline\">by<\/p><p class=\"wp-block-post-author__name\"><a href=\"https:\/\/noria-research.com\/africas\/author\/claire-lefort\/\" target=\"_self\">Claire Lefort-Rieu<\/a><\/p><\/div><\/div><\/div>\n\n<\/li><\/ul><\/div>\n<\/div>\n\n\n\n<div class=\"wp-block-column is-layout-flow wp-block-column-is-layout-flow\" style=\"flex-basis:33.33%\">\n<h2 class=\"wp-block-heading is-style-right-arrow has-black-color has-text-color has-link-color wp-elements-b430dec4cc302ceb36f2f5cff8f6547b\"><a href=\"https:\/\/noria-research.com\/africas\/africas\/africas-program-team\/\">Program\u2019s team<\/a><\/h2>\n\n\n\n<div class=\"wp-block-media-text is-stacked-on-mobile has-beige-background-color has-background\" style=\"grid-template-columns:28% auto\"><figure class=\"wp-block-media-text__media\"><a href=\"https:\/\/noria-research.com\/author\/pcherbonnier\/\"><img loading=\"lazy\" decoding=\"async\" width=\"1080\" height=\"1080\" src=\"http:\/\/noria-research.com\/africas\/wp-content\/uploads\/2024\/06\/White-and-Pink-Minimalist-Skincare-Products-Photos-Instagram-Post-14.png\" alt=\"\" class=\"wp-image-31558 size-full\" srcset=\"https:\/\/noria-research.com\/africas\/wp-content\/uploads\/2024\/06\/White-and-Pink-Minimalist-Skincare-Products-Photos-Instagram-Post-14.png 1080w, https:\/\/noria-research.com\/africas\/wp-content\/uploads\/2024\/06\/White-and-Pink-Minimalist-Skincare-Products-Photos-Instagram-Post-14-1000x1000.png 1000w, https:\/\/noria-research.com\/africas\/wp-content\/uploads\/2024\/06\/White-and-Pink-Minimalist-Skincare-Products-Photos-Instagram-Post-14-500x500.png 500w, https:\/\/noria-research.com\/africas\/wp-content\/uploads\/2024\/06\/White-and-Pink-Minimalist-Skincare-Products-Photos-Instagram-Post-14-768x768.png 768w\" sizes=\"auto, (max-width: 1080px) 100vw, 1080px\" \/><\/a><\/figure><div class=\"wp-block-media-text__content\">\n<h3 class=\"wp-block-heading has-black-color has-text-color has-link-color wp-elements-5ea59a2c5abadde07eb1f68eef2b1c88\"><a href=\"https:\/\/noria-research.com\/author\/pcherbonnier\/\">Pauline Cherbonnier<\/a><\/h3>\n\n\n\n<p><\/p>\n<\/div><\/div>\n\n\n\n<div style=\"height:20px\" aria-hidden=\"true\" class=\"wp-block-spacer\"><\/div>\n\n\n\n<div class=\"wp-block-media-text is-stacked-on-mobile has-beige-background-color has-background\" style=\"grid-template-columns:28% auto\"><figure class=\"wp-block-media-text__media\"><a href=\"https:\/\/noria-research.com\/author\/claire-lefort\/\"><img loading=\"lazy\" decoding=\"async\" width=\"1080\" height=\"1080\" src=\"http:\/\/noria-research.com\/africas\/wp-content\/uploads\/2024\/04\/White-and-Pink-Minimalist-Skincare-Products-Photos-Instagram-Post-11.png\" alt=\"\" class=\"wp-image-31514 size-full\" srcset=\"https:\/\/noria-research.com\/africas\/wp-content\/uploads\/2024\/04\/White-and-Pink-Minimalist-Skincare-Products-Photos-Instagram-Post-11.png 1080w, https:\/\/noria-research.com\/africas\/wp-content\/uploads\/2024\/04\/White-and-Pink-Minimalist-Skincare-Products-Photos-Instagram-Post-11-1000x1000.png 1000w, https:\/\/noria-research.com\/africas\/wp-content\/uploads\/2024\/04\/White-and-Pink-Minimalist-Skincare-Products-Photos-Instagram-Post-11-500x500.png 500w, https:\/\/noria-research.com\/africas\/wp-content\/uploads\/2024\/04\/White-and-Pink-Minimalist-Skincare-Products-Photos-Instagram-Post-11-768x768.png 768w\" sizes=\"auto, (max-width: 1080px) 100vw, 1080px\" \/><\/a><\/figure><div class=\"wp-block-media-text__content\">\n<h3 class=\"wp-block-heading has-black-color has-text-color has-link-color wp-elements-370926bf2d5a260029052d6226c49ef6\"><a href=\"https:\/\/noria-research.com\/author\/claire-lefort\/\">Claire Lefort-Rieu<\/a><\/h3>\n\n\n\n<p><\/p>\n<\/div><\/div>\n\n\n\n<div style=\"height:20px\" aria-hidden=\"true\" class=\"wp-block-spacer\"><\/div>\n\n\n\n<div class=\"wp-block-media-text is-stacked-on-mobile has-beige-background-color has-background\" style=\"grid-template-columns:28% auto\"><figure class=\"wp-block-media-text__media\"><a href=\"https:\/\/noria-research.com\/author\/bmollo\/\"><img loading=\"lazy\" decoding=\"async\" width=\"1080\" height=\"1080\" src=\"http:\/\/noria-research.com\/africas\/wp-content\/uploads\/2024\/06\/White-and-Pink-Minimalist-Skincare-Products-Photos-Instagram-Post-13.png\" alt=\"\" class=\"wp-image-31559 size-full\" srcset=\"https:\/\/noria-research.com\/africas\/wp-content\/uploads\/2024\/06\/White-and-Pink-Minimalist-Skincare-Products-Photos-Instagram-Post-13.png 1080w, https:\/\/noria-research.com\/africas\/wp-content\/uploads\/2024\/06\/White-and-Pink-Minimalist-Skincare-Products-Photos-Instagram-Post-13-1000x1000.png 1000w, https:\/\/noria-research.com\/africas\/wp-content\/uploads\/2024\/06\/White-and-Pink-Minimalist-Skincare-Products-Photos-Instagram-Post-13-500x500.png 500w, https:\/\/noria-research.com\/africas\/wp-content\/uploads\/2024\/06\/White-and-Pink-Minimalist-Skincare-Products-Photos-Instagram-Post-13-768x768.png 768w\" sizes=\"auto, (max-width: 1080px) 100vw, 1080px\" \/><\/a><\/figure><div class=\"wp-block-media-text__content\">\n<h3 class=\"wp-block-heading has-black-color has-text-color has-link-color wp-elements-f72ff3e450bf03d3813063673da8eee7\"><a href=\"https:\/\/noria-research.com\/author\/bmollo\/\">Brice Molo<\/a><\/h3>\n\n\n\n<p><\/p>\n<\/div><\/div>\n<\/div>\n<\/div>\n\n\n\n<div style=\"height:80px\" aria-hidden=\"true\" class=\"wp-block-spacer\"><\/div>\n\n\n\n<h2 class=\"wp-block-heading is-style-right-arrow\">Our projects<\/h2>\n\n\n<div class=\"wp-block-noria-projects-list\">\n\t<ul class=\"columns-4 is-layout-grid\">\n\t\t\t\t\t<li class=\"project-lutte-contre-les-ffi\">\n\t\t\t\t<figure>\n\t\t\t\t\t<a href=\"https:\/\/noria-research.com\/africas\/fr\/project\/lutte-contre-les-ffi\/\">\n\t\t\t\t\t\t<img decoding=\"async\" src=\"https:\/\/noria-research.com\/africas\/wp-content\/themes\/noria-2023\/img\/mena.png\">\t\t\t\t\t<\/a>\n\t\t\t\t<\/figure>\n\t\t\t\t<h3 class=\"has-medium-font-size has-link-color has-text-color has-black-color\">\n\t\t\t\t\t<a href=\"https:\/\/noria-research.com\/africas\/fr\/project\/lutte-contre-les-ffi\/\">Lutte contre les FFI au Tchad et en RCA<\/a>\n\t\t\t\t<\/h3>\n\t\t\t<\/li>\n\t\t\t\t\t<li class=\"project-research-seminar\">\n\t\t\t\t<figure>\n\t\t\t\t\t<a href=\"https:\/\/noria-research.com\/africas\/project\/research-seminar\/\">\n\t\t\t\t\t\t<img loading=\"lazy\" decoding=\"async\" class=\"aligncenter size-full wp-image-32073\" src=\"http:\/\/noria-research.com\/africas\/wp-content\/uploads\/2025\/02\/Research-Seminar-2.png\" alt=\"\" width=\"500\" height=\"500\" \/>\t\t\t\t\t<\/a>\n\t\t\t\t<\/figure>\n\t\t\t\t<h3 class=\"has-medium-font-size has-link-color has-text-color has-black-color\">\n\t\t\t\t\t<a href=\"https:\/\/noria-research.com\/africas\/project\/research-seminar\/\">Research Seminar<\/a>\n\t\t\t\t<\/h3>\n\t\t\t<\/li>\n\t\t\t\t\t<li class=\"project-seminaire-de-recherche\">\n\t\t\t\t<figure>\n\t\t\t\t\t<a href=\"https:\/\/noria-research.com\/africas\/fr\/project\/seminaire-de-recherche\/\">\n\t\t\t\t\t\t<img loading=\"lazy\" decoding=\"async\" class=\"aligncenter size-medium wp-image-32045\" src=\"http:\/\/noria-research.com\/africas\/wp-content\/uploads\/2025\/02\/Seminaire-test-1000x1000.png\" alt=\"\" width=\"1000\" height=\"1000\" srcset=\"https:\/\/noria-research.com\/africas\/wp-content\/uploads\/2025\/02\/Seminaire-test-1000x1000.png 1000w, https:\/\/noria-research.com\/africas\/wp-content\/uploads\/2025\/02\/Seminaire-test-500x500.png 500w, https:\/\/noria-research.com\/africas\/wp-content\/uploads\/2025\/02\/Seminaire-test-768x768.png 768w, https:\/\/noria-research.com\/africas\/wp-content\/uploads\/2025\/02\/Seminaire-test.png 1080w\" sizes=\"auto, (max-width: 1000px) 100vw, 1000px\" \/>\t\t\t\t\t<\/a>\n\t\t\t\t<\/figure>\n\t\t\t\t<h3 class=\"has-medium-font-size has-link-color has-text-color has-black-color\">\n\t\t\t\t\t<a href=\"https:\/\/noria-research.com\/africas\/fr\/project\/seminaire-de-recherche\/\">S\u00e9minaire de recherche<\/a>\n\t\t\t\t<\/h3>\n\t\t\t<\/li>\n\t\t\t<\/ul>\n<\/div>\n\n\n\n\n<div style=\"height:80px\" aria-hidden=\"true\" class=\"wp-block-spacer\"><\/div>\n\n\n\n<div class=\"wp-block-group alignwide is-style-card is-horizontal is-content-justification-center is-layout-flex wp-container-core-group-is-layout-00ace616 wp-block-group-is-layout-flex\">\n<div class=\"wp-block-group is-style-default has-beige-background-color has-background wp-container-content-e7bfab89 is-content-justification-space-between is-nowrap is-layout-flex wp-container-core-group-is-layout-0dfbf163 wp-block-group-is-layout-flex\">\n<div class=\"wp-block-media-text has-media-on-the-right is-stacked-on-mobile is-vertically-aligned-center has-beige-background-color has-background\" style=\"grid-template-columns:auto 24%\"><div class=\"wp-block-media-text__content\">\n<h2 class=\"wp-block-heading is-style-right-arrow has-black-color has-text-color\"><a href=\"https:\/\/noria-research.com\/contact-us\/?recipient=I%20want%20to%20reach%20Africas%20program\">Contact us<\/a><\/h2>\n\n\n\n<p>Join the Africas program<\/p>\n<\/div><figure class=\"wp-block-media-text__media\"><a href=\"https:\/\/noria-research.com\/mena2\/contact-us\/?recipient=I%20want%20to%20reach%20MENA%27s%20program\"><img decoding=\"async\" src=\"https:\/\/noria-research.com\/mena2\/wp-content\/uploads\/2023\/12\/Noria-contact-us-1.svg\" alt=\"\" class=\"wp-image-30827 size-full\" \/><\/a><\/figure><\/div>\n<\/div>\n<\/div>\n\n\n\n<div style=\"height:100px\" aria-hidden=\"true\" class=\"wp-block-spacer\"><\/div>\n","protected":false},"excerpt":{"rendered":"<p>We are bringing together researchers in humanities and social sciences to offer rigorous analysis based on in-depth empirical studies on Sub-Saharan Africas. These reflections help in understanding the major contemporary issues and challenges facing the African continent, fostering public debate and combating misinformation. Latest Publications Program\u2019s team Pauline Cherbonnier Claire Lefort-Rieu Brice Molo Our projects [&hellip;]<\/p>\n","protected":false},"author":411,"featured_media":0,"parent":0,"menu_order":0,"comment_status":"closed","ping_status":"closed","template":"","meta":{"footnotes":""},"podcast":[],"project":[],"class_list":["post-8","page","type-page","status-publish","hentry"],"yoast_head":"<!-- This site is optimized with the Yoast SEO plugin v26.0 - https:\/\/yoast.com\/wordpress\/plugins\/seo\/ -->\n<title>Africas - Africas<\/title>\n<meta name=\"robots\" content=\"index, follow, max-snippet:-1, max-image-preview:large, max-video-preview:-1\" \/>\n<link rel=\"canonical\" href=\"https:\/\/noria-research.com\/africas\/\" \/>\n<meta property=\"og:locale\" content=\"en_US\" \/>\n<meta property=\"og:type\" content=\"article\" \/>\n<meta property=\"og:title\" content=\"Africas - Africas\" \/>\n<meta property=\"og:description\" content=\"We are bringing together researchers in humanities and social sciences to offer rigorous analysis based on in-depth empirical studies on Sub-Saharan Africas. These reflections help in understanding the major contemporary issues and challenges facing the African continent, fostering public debate and combating misinformation. Latest Publications Program\u2019s team Pauline Cherbonnier Claire Lefort-Rieu Brice Molo Our projects [&hellip;]\" \/>\n<meta property=\"og:url\" content=\"https:\/\/noria-research.com\/africas\/\" \/>\n<meta property=\"og:site_name\" content=\"Africas\" \/>\n<meta property=\"article:modified_time\" content=\"2025-02-24T21:27:37+00:00\" \/>\n<meta property=\"og:image\" content=\"http:\/\/noria-research.com\/africas\/wp-content\/uploads\/2024\/06\/White-and-Pink-Minimalist-Skincare-Products-Photos-Instagram-Post-14.png\" \/>\n<meta name=\"twitter:card\" content=\"summary_large_image\" \/>\n<meta name=\"twitter:label1\" content=\"Est. reading time\" \/>\n\t<meta name=\"twitter:data1\" content=\"2 minutes\" \/>\n<script type=\"application\/ld+json\" class=\"yoast-schema-graph\">{\"@context\":\"https:\/\/schema.org\",\"@graph\":[{\"@type\":\"WebPage\",\"@id\":\"https:\/\/noria-research.com\/africas\/\",\"url\":\"https:\/\/noria-research.com\/africas\/\",\"name\":\"Africas - Africas\",\"isPartOf\":{\"@id\":\"https:\/\/noria-research.com\/africas\/#website\"},\"primaryImageOfPage\":{\"@id\":\"https:\/\/noria-research.com\/africas\/#primaryimage\"},\"image\":{\"@id\":\"https:\/\/noria-research.com\/africas\/#primaryimage\"},\"thumbnailUrl\":\"http:\/\/noria-research.com\/africas\/wp-content\/uploads\/2024\/06\/White-and-Pink-Minimalist-Skincare-Products-Photos-Instagram-Post-14.png\",\"datePublished\":\"2024-06-19T08:22:02+00:00\",\"dateModified\":\"2025-02-24T21:27:37+00:00\",\"breadcrumb\":{\"@id\":\"https:\/\/noria-research.com\/africas\/#breadcrumb\"},\"inLanguage\":\"en-US\",\"potentialAction\":[{\"@type\":\"ReadAction\",\"target\":[\"https:\/\/noria-research.com\/africas\/\"]}]},{\"@type\":\"ImageObject\",\"inLanguage\":\"en-US\",\"@id\":\"https:\/\/noria-research.com\/africas\/#primaryimage\",\"url\":\"http:\/\/noria-research.com\/africas\/wp-content\/uploads\/2024\/06\/White-and-Pink-Minimalist-Skincare-Products-Photos-Instagram-Post-14.png\",\"contentUrl\":\"http:\/\/noria-research.com\/africas\/wp-content\/uploads\/2024\/06\/White-and-Pink-Minimalist-Skincare-Products-Photos-Instagram-Post-14.png\"},{\"@type\":\"BreadcrumbList\",\"@id\":\"https:\/\/noria-research.com\/africas\/#breadcrumb\",\"itemListElement\":[{\"@type\":\"ListItem\",\"position\":1,\"name\":\"Afriques\",\"item\":\"https:\/\/noria-research.com\/africas\/\"},{\"@type\":\"ListItem\",\"position\":2,\"name\":\"Africas\"}]},{\"@type\":\"WebSite\",\"@id\":\"https:\/\/noria-research.com\/africas\/#website\",\"url\":\"https:\/\/noria-research.com\/africas\/\",\"name\":\"Africas\",\"description\":\"\",\"publisher\":{\"@id\":\"https:\/\/noria-research.com\/africas\/#organization\"},\"potentialAction\":[{\"@type\":\"SearchAction\",\"target\":{\"@type\":\"EntryPoint\",\"urlTemplate\":\"https:\/\/noria-research.com\/africas\/?s={search_term_string}\"},\"query-input\":{\"@type\":\"PropertyValueSpecification\",\"valueRequired\":true,\"valueName\":\"search_term_string\"}}],\"inLanguage\":\"en-US\"},{\"@type\":\"Organization\",\"@id\":\"https:\/\/noria-research.com\/africas\/#organization\",\"name\":\"Africas\",\"url\":\"https:\/\/noria-research.com\/africas\/\",\"logo\":{\"@type\":\"ImageObject\",\"inLanguage\":\"en-US\",\"@id\":\"https:\/\/noria-research.com\/africas\/#\/schema\/logo\/image\/\",\"url\":\"https:\/\/noria-research.com\/africas\/wp-content\/uploads\/2024\/06\/Logo-Noria-Africas-Blanc.svg\",\"contentUrl\":\"https:\/\/noria-research.com\/africas\/wp-content\/uploads\/2024\/06\/Logo-Noria-Africas-Blanc.svg\",\"caption\":\"Africas\"},\"image\":{\"@id\":\"https:\/\/noria-research.com\/africas\/#\/schema\/logo\/image\/\"}}]}<\/script>\n<!-- \/ Yoast SEO plugin. -->","yoast_head_json":{"title":"Africas - Africas","robots":{"index":"index","follow":"follow","max-snippet":"max-snippet:-1","max-image-preview":"max-image-preview:large","max-video-preview":"max-video-preview:-1"},"canonical":"https:\/\/noria-research.com\/africas\/","og_locale":"en_US","og_type":"article","og_title":"Africas - Africas","og_description":"We are bringing together researchers in humanities and social sciences to offer rigorous analysis based on in-depth empirical studies on Sub-Saharan Africas. These reflections help in understanding the major contemporary issues and challenges facing the African continent, fostering public debate and combating misinformation. Latest Publications Program\u2019s team Pauline Cherbonnier Claire Lefort-Rieu Brice Molo Our projects [&hellip;]","og_url":"https:\/\/noria-research.com\/africas\/","og_site_name":"Africas","article_modified_time":"2025-02-24T21:27:37+00:00","og_image":[{"url":"http:\/\/noria-research.com\/africas\/wp-content\/uploads\/2024\/06\/White-and-Pink-Minimalist-Skincare-Products-Photos-Instagram-Post-14.png","type":"","width":"","height":""}],"twitter_card":"summary_large_image","twitter_misc":{"Est. reading time":"2 minutes"},"schema":{"@context":"https:\/\/schema.org","@graph":[{"@type":"WebPage","@id":"https:\/\/noria-research.com\/africas\/","url":"https:\/\/noria-research.com\/africas\/","name":"Africas - Africas","isPartOf":{"@id":"https:\/\/noria-research.com\/africas\/#website"},"primaryImageOfPage":{"@id":"https:\/\/noria-research.com\/africas\/#primaryimage"},"image":{"@id":"https:\/\/noria-research.com\/africas\/#primaryimage"},"thumbnailUrl":"http:\/\/noria-research.com\/africas\/wp-content\/uploads\/2024\/06\/White-and-Pink-Minimalist-Skincare-Products-Photos-Instagram-Post-14.png","datePublished":"2024-06-19T08:22:02+00:00","dateModified":"2025-02-24T21:27:37+00:00","breadcrumb":{"@id":"https:\/\/noria-research.com\/africas\/#breadcrumb"},"inLanguage":"en-US","potentialAction":[{"@type":"ReadAction","target":["https:\/\/noria-research.com\/africas\/"]}]},{"@type":"ImageObject","inLanguage":"en-US","@id":"https:\/\/noria-research.com\/africas\/#primaryimage","url":"http:\/\/noria-research.com\/africas\/wp-content\/uploads\/2024\/06\/White-and-Pink-Minimalist-Skincare-Products-Photos-Instagram-Post-14.png","contentUrl":"http:\/\/noria-research.com\/africas\/wp-content\/uploads\/2024\/06\/White-and-Pink-Minimalist-Skincare-Products-Photos-Instagram-Post-14.png"},{"@type":"BreadcrumbList","@id":"https:\/\/noria-research.com\/africas\/#breadcrumb","itemListElement":[{"@type":"ListItem","position":1,"name":"Afriques","item":"https:\/\/noria-research.com\/africas\/"},{"@type":"ListItem","position":2,"name":"Africas"}]},{"@type":"WebSite","@id":"https:\/\/noria-research.com\/africas\/#website","url":"https:\/\/noria-research.com\/africas\/","name":"Africas","description":"","publisher":{"@id":"https:\/\/noria-research.com\/africas\/#organization"},"potentialAction":[{"@type":"SearchAction","target":{"@type":"EntryPoint","urlTemplate":"https:\/\/noria-research.com\/africas\/?s={search_term_string}"},"query-input":{"@type":"PropertyValueSpecification","valueRequired":true,"valueName":"search_term_string"}}],"inLanguage":"en-US"},{"@type":"Organization","@id":"https:\/\/noria-research.com\/africas\/#organization","name":"Africas","url":"https:\/\/noria-research.com\/africas\/","logo":{"@type":"ImageObject","inLanguage":"en-US","@id":"https:\/\/noria-research.com\/africas\/#\/schema\/logo\/image\/","url":"https:\/\/noria-research.com\/africas\/wp-content\/uploads\/2024\/06\/Logo-Noria-Africas-Blanc.svg","contentUrl":"https:\/\/noria-research.com\/africas\/wp-content\/uploads\/2024\/06\/Logo-Noria-Africas-Blanc.svg","caption":"Africas"},"image":{"@id":"https:\/\/noria-research.com\/africas\/#\/schema\/logo\/image\/"}}]}},"_links":{"self":[{"href":"https:\/\/noria-research.com\/africas\/wp-json\/wp\/v2\/pages\/8","targetHints":{"allow":["GET"]}}],"collection":[{"href":"https:\/\/noria-research.com\/africas\/wp-json\/wp\/v2\/pages"}],"about":[{"href":"https:\/\/noria-research.com\/africas\/wp-json\/wp\/v2\/types\/page"}],"author":[{"embeddable":true,"href":"https:\/\/noria-research.com\/africas\/wp-json\/wp\/v2\/users\/411"}],"replies":[{"embeddable":true,"href":"https:\/\/noria-research.com\/africas\/wp-json\/wp\/v2\/comments?post=8"}],"version-history":[{"count":13,"href":"https:\/\/noria-research.com\/africas\/wp-json\/wp\/v2\/pages\/8\/revisions"}],"predecessor-version":[{"id":269,"href":"https:\/\/noria-research.com\/africas\/wp-json\/wp\/v2\/pages\/8\/revisions\/269"}],"wp:attachment":[{"href":"https:\/\/noria-research.com\/africas\/wp-json\/wp\/v2\/media?parent=8"}],"wp:term":[{"taxonomy":"podcast","embeddable":true,"href":"https:\/\/noria-research.com\/africas\/wp-json\/wp\/v2\/podcast?post=8"},{"taxonomy":"project","embeddable":true,"href":"https:\/\/noria-research.com\/africas\/wp-json\/wp\/v2\/project?post=8"}],"curies":[{"name":"wp","href":"https:\/\/api.w.org\/{rel}","templated":true}]}}