{"id":483,"date":"2025-06-21T16:52:13","date_gmt":"2025-06-21T14:52:13","guid":{"rendered":"https:\/\/noria-research.com\/africas\/?page_id=483"},"modified":"2026-02-08T17:25:45","modified_gmt":"2026-02-08T16:25:45","slug":"seminaire-2025-2026","status":"publish","type":"page","link":"https:\/\/noria-research.com\/africas\/fr\/seminaire-2025-2026\/","title":{"rendered":"S\u00e9minaire 2025-2026"},"content":{"rendered":"\n<div class=\"wp-block-buttons is-content-justification-center is-layout-flex wp-container-core-buttons-is-layout-16018d1d wp-block-buttons-is-layout-flex\">\n<div class=\"wp-block-button\"><a class=\"wp-block-button__link has-text-align-center wp-element-button\" href=\"https:\/\/noria-research.com\/africas\/wp-content\/uploads\/2025\/06\/AAC-Seminaire-20252026.pdf\" target=\"_blank\" rel=\"noreferrer noopener\">Appel \u00e0 communication 2025-2026<\/a><\/div>\n<\/div>\n\n\n\n<p>Retrouvez toutes les s\u00e9ances de la premi\u00e8re \u00e9dition du s\u00e9minaire 2024-2025 sur la <a href=\"https:\/\/noria-research.com\/africas\/fr\/seminaire-2024-2025\/\">page d\u00e9di\u00e9e<\/a>.<\/p>\n\n\n\n<p><\/p>\n\n\n\n<h2 class=\"wp-block-heading\"><strong>Prochaine s\u00e9ance : <\/strong><\/h2>\n\n\n\n<figure class=\"wp-block-image size-full\"><a href=\"https:\/\/forms.gle\/hWgY7YNyTXu6Q1866\"><img loading=\"lazy\" decoding=\"async\" width=\"1400\" height=\"900\" src=\"https:\/\/noria-research.com\/africas\/wp-content\/uploads\/2026\/02\/Seances-Posts.png\" alt=\"\" class=\"wp-image-32611\" srcset=\"https:\/\/noria-research.com\/africas\/wp-content\/uploads\/2026\/02\/Seances-Posts.png 1400w, https:\/\/noria-research.com\/africas\/wp-content\/uploads\/2026\/02\/Seances-Posts-1000x643.png 1000w, https:\/\/noria-research.com\/africas\/wp-content\/uploads\/2026\/02\/Seances-Posts-500x321.png 500w, https:\/\/noria-research.com\/africas\/wp-content\/uploads\/2026\/02\/Seances-Posts-768x494.png 768w\" sizes=\"auto, (max-width: 1400px) 100vw, 1400px\" \/><\/a><\/figure>\n\n\n\n<p><\/p>\n\n\n\n<h2 class=\"wp-block-heading\">Retour sur les s\u00e9ances :<\/h2>\n\n\n\n<figure class=\"wp-block-gallery has-nested-images columns-default is-cropped wp-block-gallery-1 is-layout-flex wp-block-gallery-is-layout-flex\">\n<figure class=\"wp-block-image size-full\"><img loading=\"lazy\" decoding=\"async\" width=\"1400\" height=\"900\" data-id=\"32606\" src=\"https:\/\/noria-research.com\/africas\/wp-content\/uploads\/2026\/02\/1.png\" alt=\"\" class=\"wp-image-32606\" srcset=\"https:\/\/noria-research.com\/africas\/wp-content\/uploads\/2026\/02\/1.png 1400w, https:\/\/noria-research.com\/africas\/wp-content\/uploads\/2026\/02\/1-1000x643.png 1000w, https:\/\/noria-research.com\/africas\/wp-content\/uploads\/2026\/02\/1-500x321.png 500w, https:\/\/noria-research.com\/africas\/wp-content\/uploads\/2026\/02\/1-768x494.png 768w\" sizes=\"auto, (max-width: 1400px) 100vw, 1400px\" \/><\/figure>\n\n\n\n<figure class=\"wp-block-image size-full\"><img loading=\"lazy\" decoding=\"async\" width=\"1400\" height=\"900\" data-id=\"32607\" src=\"https:\/\/noria-research.com\/africas\/wp-content\/uploads\/2026\/02\/2.png\" alt=\"\" class=\"wp-image-32607\" srcset=\"https:\/\/noria-research.com\/africas\/wp-content\/uploads\/2026\/02\/2.png 1400w, https:\/\/noria-research.com\/africas\/wp-content\/uploads\/2026\/02\/2-1000x643.png 1000w, https:\/\/noria-research.com\/africas\/wp-content\/uploads\/2026\/02\/2-500x321.png 500w, https:\/\/noria-research.com\/africas\/wp-content\/uploads\/2026\/02\/2-768x494.png 768w\" sizes=\"auto, (max-width: 1400px) 100vw, 1400px\" \/><\/figure>\n\n\n\n<figure class=\"wp-block-image size-full\"><img loading=\"lazy\" decoding=\"async\" width=\"1400\" height=\"900\" data-id=\"32608\" src=\"https:\/\/noria-research.com\/africas\/wp-content\/uploads\/2026\/02\/3.png\" alt=\"\" class=\"wp-image-32608\" srcset=\"https:\/\/noria-research.com\/africas\/wp-content\/uploads\/2026\/02\/3.png 1400w, https:\/\/noria-research.com\/africas\/wp-content\/uploads\/2026\/02\/3-1000x643.png 1000w, https:\/\/noria-research.com\/africas\/wp-content\/uploads\/2026\/02\/3-500x321.png 500w, https:\/\/noria-research.com\/africas\/wp-content\/uploads\/2026\/02\/3-768x494.png 768w\" sizes=\"auto, (max-width: 1400px) 100vw, 1400px\" \/><\/figure>\n\n\n\n<figure class=\"wp-block-image size-full\"><img loading=\"lazy\" decoding=\"async\" width=\"1400\" height=\"900\" data-id=\"32609\" src=\"https:\/\/noria-research.com\/africas\/wp-content\/uploads\/2026\/02\/4.png\" alt=\"\" class=\"wp-image-32609\" srcset=\"https:\/\/noria-research.com\/africas\/wp-content\/uploads\/2026\/02\/4.png 1400w, https:\/\/noria-research.com\/africas\/wp-content\/uploads\/2026\/02\/4-1000x643.png 1000w, https:\/\/noria-research.com\/africas\/wp-content\/uploads\/2026\/02\/4-500x321.png 500w, https:\/\/noria-research.com\/africas\/wp-content\/uploads\/2026\/02\/4-768x494.png 768w\" sizes=\"auto, (max-width: 1400px) 100vw, 1400px\" \/><\/figure>\n\n\n\n<figure class=\"wp-block-image size-full\"><img loading=\"lazy\" decoding=\"async\" width=\"1400\" height=\"900\" data-id=\"32610\" src=\"https:\/\/noria-research.com\/africas\/wp-content\/uploads\/2026\/02\/5.png\" alt=\"\" class=\"wp-image-32610\" srcset=\"https:\/\/noria-research.com\/africas\/wp-content\/uploads\/2026\/02\/5.png 1400w, https:\/\/noria-research.com\/africas\/wp-content\/uploads\/2026\/02\/5-1000x643.png 1000w, https:\/\/noria-research.com\/africas\/wp-content\/uploads\/2026\/02\/5-500x321.png 500w, https:\/\/noria-research.com\/africas\/wp-content\/uploads\/2026\/02\/5-768x494.png 768w\" sizes=\"auto, (max-width: 1400px) 100vw, 1400px\" \/><\/figure>\n<\/figure>\n","protected":false},"excerpt":{"rendered":"<p>Retrouvez toutes les s\u00e9ances de la premi\u00e8re \u00e9dition du s\u00e9minaire 2024-2025 sur la page d\u00e9di\u00e9e. Prochaine s\u00e9ance : Retour sur les s\u00e9ances :<\/p>\n","protected":false},"author":453,"featured_media":0,"parent":0,"menu_order":0,"comment_status":"closed","ping_status":"closed","template":"","meta":{"footnotes":""},"podcast":[],"project":[],"class_list":["post-483","page","type-page","status-publish","hentry"],"yoast_head":"<!-- This site is optimized with the Yoast SEO plugin v26.0 - https:\/\/yoast.com\/wordpress\/plugins\/seo\/ -->\n<title>S\u00e9minaire 2025-2026 - Africas<\/title>\n<meta name=\"robots\" content=\"index, follow, max-snippet:-1, max-image-preview:large, max-video-preview:-1\" \/>\n<link rel=\"canonical\" href=\"https:\/\/noria-research.com\/africas\/fr\/seminaire-2025-2026\/\" \/>\n<meta property=\"og:locale\" content=\"en_US\" \/>\n<meta property=\"og:type\" content=\"article\" \/>\n<meta property=\"og:title\" content=\"S\u00e9minaire 2025-2026 - Africas\" \/>\n<meta property=\"og:description\" content=\"Retrouvez toutes les s\u00e9ances de la premi\u00e8re \u00e9dition du s\u00e9minaire 2024-2025 sur la page d\u00e9di\u00e9e. Prochaine s\u00e9ance : Retour sur les s\u00e9ances :\" \/>\n<meta property=\"og:url\" content=\"https:\/\/noria-research.com\/africas\/fr\/seminaire-2025-2026\/\" \/>\n<meta property=\"og:site_name\" content=\"Africas\" \/>\n<meta property=\"article:modified_time\" content=\"2026-02-08T16:25:45+00:00\" \/>\n<meta name=\"twitter:card\" content=\"summary_large_image\" \/>\n<meta name=\"twitter:label1\" content=\"Est. reading time\" \/>\n\t<meta name=\"twitter:data1\" content=\"2 minutes\" \/>\n<script type=\"application\/ld+json\" class=\"yoast-schema-graph\">{\"@context\":\"https:\/\/schema.org\",\"@graph\":[{\"@type\":\"WebPage\",\"@id\":\"https:\/\/noria-research.com\/africas\/fr\/seminaire-2025-2026\/\",\"url\":\"https:\/\/noria-research.com\/africas\/fr\/seminaire-2025-2026\/\",\"name\":\"S\u00e9minaire 2025-2026 - Africas\",\"isPartOf\":{\"@id\":\"https:\/\/noria-research.com\/africas\/#website\"},\"primaryImageOfPage\":{\"@id\":\"https:\/\/noria-research.com\/africas\/fr\/seminaire-2025-2026\/#primaryimage\"},\"image\":{\"@id\":\"https:\/\/noria-research.com\/africas\/fr\/seminaire-2025-2026\/#primaryimage\"},\"thumbnailUrl\":\"https:\/\/noria-research.com\/africas\/wp-content\/uploads\/2026\/02\/Seances-Posts.png\",\"datePublished\":\"2025-06-21T14:52:13+00:00\",\"dateModified\":\"2026-02-08T16:25:45+00:00\",\"breadcrumb\":{\"@id\":\"https:\/\/noria-research.com\/africas\/fr\/seminaire-2025-2026\/#breadcrumb\"},\"inLanguage\":\"en-US\",\"potentialAction\":[{\"@type\":\"ReadAction\",\"target\":[\"https:\/\/noria-research.com\/africas\/fr\/seminaire-2025-2026\/\"]}]},{\"@type\":\"ImageObject\",\"inLanguage\":\"en-US\",\"@id\":\"https:\/\/noria-research.com\/africas\/fr\/seminaire-2025-2026\/#primaryimage\",\"url\":\"https:\/\/noria-research.com\/africas\/wp-content\/uploads\/2026\/02\/Seances-Posts.png\",\"contentUrl\":\"https:\/\/noria-research.com\/africas\/wp-content\/uploads\/2026\/02\/Seances-Posts.png\"},{\"@type\":\"BreadcrumbList\",\"@id\":\"https:\/\/noria-research.com\/africas\/fr\/seminaire-2025-2026\/#breadcrumb\",\"itemListElement\":[{\"@type\":\"ListItem\",\"position\":1,\"name\":\"Afriques\",\"item\":\"https:\/\/noria-research.com\/africas\/\"},{\"@type\":\"ListItem\",\"position\":2,\"name\":\"S\u00e9minaire 2025-2026\"}]},{\"@type\":\"WebSite\",\"@id\":\"https:\/\/noria-research.com\/africas\/#website\",\"url\":\"https:\/\/noria-research.com\/africas\/\",\"name\":\"Africas\",\"description\":\"\",\"publisher\":{\"@id\":\"https:\/\/noria-research.com\/africas\/#organization\"},\"potentialAction\":[{\"@type\":\"SearchAction\",\"target\":{\"@type\":\"EntryPoint\",\"urlTemplate\":\"https:\/\/noria-research.com\/africas\/?s={search_term_string}\"},\"query-input\":{\"@type\":\"PropertyValueSpecification\",\"valueRequired\":true,\"valueName\":\"search_term_string\"}}],\"inLanguage\":\"en-US\"},{\"@type\":\"Organization\",\"@id\":\"https:\/\/noria-research.com\/africas\/#organization\",\"name\":\"Africas\",\"url\":\"https:\/\/noria-research.com\/africas\/\",\"logo\":{\"@type\":\"ImageObject\",\"inLanguage\":\"en-US\",\"@id\":\"https:\/\/noria-research.com\/africas\/#\/schema\/logo\/image\/\",\"url\":\"https:\/\/noria-research.com\/africas\/wp-content\/uploads\/2024\/06\/Logo-Noria-Africas-Blanc.svg\",\"contentUrl\":\"https:\/\/noria-research.com\/africas\/wp-content\/uploads\/2024\/06\/Logo-Noria-Africas-Blanc.svg\",\"caption\":\"Africas\"},\"image\":{\"@id\":\"https:\/\/noria-research.com\/africas\/#\/schema\/logo\/image\/\"}}]}<\/script>\n<!-- \/ Yoast SEO plugin. -->","yoast_head_json":{"title":"S\u00e9minaire 2025-2026 - Africas","robots":{"index":"index","follow":"follow","max-snippet":"max-snippet:-1","max-image-preview":"max-image-preview:large","max-video-preview":"max-video-preview:-1"},"canonical":"https:\/\/noria-research.com\/africas\/fr\/seminaire-2025-2026\/","og_locale":"en_US","og_type":"article","og_title":"S\u00e9minaire 2025-2026 - Africas","og_description":"Retrouvez toutes les s\u00e9ances de la premi\u00e8re \u00e9dition du s\u00e9minaire 2024-2025 sur la page d\u00e9di\u00e9e. Prochaine s\u00e9ance : Retour sur les s\u00e9ances :","og_url":"https:\/\/noria-research.com\/africas\/fr\/seminaire-2025-2026\/","og_site_name":"Africas","article_modified_time":"2026-02-08T16:25:45+00:00","twitter_card":"summary_large_image","twitter_misc":{"Est. reading time":"2 minutes"},"schema":{"@context":"https:\/\/schema.org","@graph":[{"@type":"WebPage","@id":"https:\/\/noria-research.com\/africas\/fr\/seminaire-2025-2026\/","url":"https:\/\/noria-research.com\/africas\/fr\/seminaire-2025-2026\/","name":"S\u00e9minaire 2025-2026 - Africas","isPartOf":{"@id":"https:\/\/noria-research.com\/africas\/#website"},"primaryImageOfPage":{"@id":"https:\/\/noria-research.com\/africas\/fr\/seminaire-2025-2026\/#primaryimage"},"image":{"@id":"https:\/\/noria-research.com\/africas\/fr\/seminaire-2025-2026\/#primaryimage"},"thumbnailUrl":"https:\/\/noria-research.com\/africas\/wp-content\/uploads\/2026\/02\/Seances-Posts.png","datePublished":"2025-06-21T14:52:13+00:00","dateModified":"2026-02-08T16:25:45+00:00","breadcrumb":{"@id":"https:\/\/noria-research.com\/africas\/fr\/seminaire-2025-2026\/#breadcrumb"},"inLanguage":"en-US","potentialAction":[{"@type":"ReadAction","target":["https:\/\/noria-research.com\/africas\/fr\/seminaire-2025-2026\/"]}]},{"@type":"ImageObject","inLanguage":"en-US","@id":"https:\/\/noria-research.com\/africas\/fr\/seminaire-2025-2026\/#primaryimage","url":"https:\/\/noria-research.com\/africas\/wp-content\/uploads\/2026\/02\/Seances-Posts.png","contentUrl":"https:\/\/noria-research.com\/africas\/wp-content\/uploads\/2026\/02\/Seances-Posts.png"},{"@type":"BreadcrumbList","@id":"https:\/\/noria-research.com\/africas\/fr\/seminaire-2025-2026\/#breadcrumb","itemListElement":[{"@type":"ListItem","position":1,"name":"Afriques","item":"https:\/\/noria-research.com\/africas\/"},{"@type":"ListItem","position":2,"name":"S\u00e9minaire 2025-2026"}]},{"@type":"WebSite","@id":"https:\/\/noria-research.com\/africas\/#website","url":"https:\/\/noria-research.com\/africas\/","name":"Africas","description":"","publisher":{"@id":"https:\/\/noria-research.com\/africas\/#organization"},"potentialAction":[{"@type":"SearchAction","target":{"@type":"EntryPoint","urlTemplate":"https:\/\/noria-research.com\/africas\/?s={search_term_string}"},"query-input":{"@type":"PropertyValueSpecification","valueRequired":true,"valueName":"search_term_string"}}],"inLanguage":"en-US"},{"@type":"Organization","@id":"https:\/\/noria-research.com\/africas\/#organization","name":"Africas","url":"https:\/\/noria-research.com\/africas\/","logo":{"@type":"ImageObject","inLanguage":"en-US","@id":"https:\/\/noria-research.com\/africas\/#\/schema\/logo\/image\/","url":"https:\/\/noria-research.com\/africas\/wp-content\/uploads\/2024\/06\/Logo-Noria-Africas-Blanc.svg","contentUrl":"https:\/\/noria-research.com\/africas\/wp-content\/uploads\/2024\/06\/Logo-Noria-Africas-Blanc.svg","caption":"Africas"},"image":{"@id":"https:\/\/noria-research.com\/africas\/#\/schema\/logo\/image\/"}}]}},"_links":{"self":[{"href":"https:\/\/noria-research.com\/africas\/wp-json\/wp\/v2\/pages\/483","targetHints":{"allow":["GET"]}}],"collection":[{"href":"https:\/\/noria-research.com\/africas\/wp-json\/wp\/v2\/pages"}],"about":[{"href":"https:\/\/noria-research.com\/africas\/wp-json\/wp\/v2\/types\/page"}],"author":[{"embeddable":true,"href":"https:\/\/noria-research.com\/africas\/wp-json\/wp\/v2\/users\/453"}],"replies":[{"embeddable":true,"href":"https:\/\/noria-research.com\/africas\/wp-json\/wp\/v2\/comments?post=483"}],"version-history":[{"count":8,"href":"https:\/\/noria-research.com\/africas\/wp-json\/wp\/v2\/pages\/483\/revisions"}],"predecessor-version":[{"id":573,"href":"https:\/\/noria-research.com\/africas\/wp-json\/wp\/v2\/pages\/483\/revisions\/573"}],"wp:attachment":[{"href":"https:\/\/noria-research.com\/africas\/wp-json\/wp\/v2\/media?parent=483"}],"wp:term":[{"taxonomy":"podcast","embeddable":true,"href":"https:\/\/noria-research.com\/africas\/wp-json\/wp\/v2\/podcast?post=483"},{"taxonomy":"project","embeddable":true,"href":"https:\/\/noria-research.com\/africas\/wp-json\/wp\/v2\/project?post=483"}],"curies":[{"name":"wp","href":"https:\/\/api.w.org\/{rel}","templated":true}]}}