{"id":261,"date":"2025-03-07T16:56:05","date_gmt":"2025-03-07T15:56:05","guid":{"rendered":"https:\/\/noria-research.com\/africas\/?page_id=261"},"modified":"2026-02-08T16:54:52","modified_gmt":"2026-02-08T15:54:52","slug":"axe-4-risques-sante-et-environnement","status":"publish","type":"page","link":"https:\/\/noria-research.com\/africas\/fr\/a-propos-du-programme-afriques\/axe-4-risques-sante-et-environnement\/","title":{"rendered":"Axe 4 &#8211; Risques, sant\u00e9 et environnement"},"content":{"rendered":"\n<h2 class=\"wp-block-heading\">Pr\u00e9sentation<\/h2>\n\n\n\n<p>En 2024, aucun pays africain ne figure parmi les dix pays les plus touch\u00e9s par les catastrophes dites \u00ab naturelles \u00bb \u00e0 travers le monde. Parmi les vingt \u00e9v\u00e9nements les plus d\u00e9vastateurs de l&#8217;ann\u00e9e en termes de r\u00e9percussions \u00e9conomiques et de pertes humaines, seuls deux et trois de ces \u00e9pisodes ont respectivement eu lieu sur le continent (GIEC, 2022). Mais bien que le continent africain soit la deuxi\u00e8me r\u00e9gion au monde la moins touch\u00e9e par les \u00e9v\u00e9nements naturels, elle demeure la plus vuln\u00e9rable, du fait de difficult\u00e9s \u00e9conomiques et institutionnelles. Ce contraste est particuli\u00e8rement frappant lorsque l&#8217;on envisage les futurs climatiques : tandis que les Afriques ont un impact minimal sur la vuln\u00e9rabilit\u00e9 plan\u00e9taire, elles en subissent les cons\u00e9quences les plus s\u00e9v\u00e8res en termes de changements climatiques et de probl\u00e8mes, notamment sanitaires (aggravation potentielle des probl\u00e8mes de sant\u00e9 publique, augmentation du risque des maladies \u00e0 transmission vectorielle). L&#8217;alerte lanc\u00e9e par le GIEC en 2022 quant \u00e0 l&#8217;interconnexion entre l&#8217;environnement, la sant\u00e9 et les risques qui en d\u00e9coulent r\u00e9sonne avec une longue tradition de pr\u00e9occupation des sciences sociales, ayant mis en \u00e9vidence cette intrication complexe.<\/p>\n\n\n\n<p>Depuis pr\u00e8s de trois d\u00e9cennies, les \u00e9tudes sur les d\u00e9sastres se sont concentr\u00e9es sur les Suds, offrant une perspective privil\u00e9gi\u00e9e pour examiner la mani\u00e8re dont les m\u00eames al\u00e9as engendrent des cons\u00e9quences diff\u00e9renci\u00e9es selon les parties du monde o\u00f9 ils surviennent (Cabane, 2015). Ces recherches sur les risques ont rapidement port\u00e9 leur attention sur l&#8217;Asie et l&#8217;Am\u00e9rique latine, tardant \u00e0 s\u2019autonomiser en ce qui concerne le continent africain. Initialement ax\u00e9es sur les questions de s\u00e9cheresse et de famine (Gado, 1993), les \u00e9tudes sur le risque dans les Afriques ont ensuite \u00e9t\u00e9 largement influenc\u00e9es par le prisme colonial, impactant la mani\u00e8re dont le rapport aux maladies, aux \u00e9pid\u00e9mies (Vaughan, 1993. Lachenal, 2017) et \u00e0 l&#8217;environnement (Blanc, 2005) \u00e9tait conceptualis\u00e9 (Beck, 2009). Plus r\u00e9cemment, la perspective d\u00e9coloniale a soulign\u00e9 l&#8217;imp\u00e9ratif de d\u00e9passer le paradigme de la vuln\u00e9rabilit\u00e9 pour mettre en lumi\u00e8re le legs colonial ainsi que la marginalisation des Afriques dans les instances internationales de gouvernance de l&#8217;environnement (Ferdinand, 2019). Ces approches ont \u00e9volu\u00e9 rapidement \u00e0 la lumi\u00e8re des crises r\u00e9centes, dont celle du Covid-19. Traditionnellement per\u00e7u comme un facteur de vuln\u00e9rabilit\u00e9 face aux risques sanitaires, l&#8217;environnement a \u00e9t\u00e9 r\u00e9\u00e9valu\u00e9 \u00e0 la lumi\u00e8re de la pand\u00e9mie. Celle-ci a rappel\u00e9 que l&#8217;environnement peut \u00e9galement jouer un r\u00f4le de barri\u00e8re att\u00e9nuant le potentiel nuisible de certains probl\u00e8mes, notamment lorsqu&#8217;il est associ\u00e9 \u00e0 d&#8217;autres facteurs tels que la structure d\u00e9mographique des soci\u00e9t\u00e9s africaines ou la m\u00e9moire des risques (Eboko, 2020). Ainsi, la vuln\u00e9rabilit\u00e9 chronique des Afriques s&#8217;est av\u00e9r\u00e9e \u00eatre, cette fois, leur principale force (Eboko et Schlimmer, 2020). La r\u00e9ponse \u00e0 la pand\u00e9mie et le renouvellement du regard sur la gouvernementalit\u00e9 qu\u2019elle a entra\u00een\u00e9 invitent \u00e0 penser le risque en Afrique de mani\u00e8re non plus syst\u00e9mique mais \u00e9cosyst\u00e9mique (Cicolella, 2010).<\/p>\n\n\n\n<p>Cet \u00e9clairage renouvel\u00e9 impose aux \u00c9tats africains un nouveau r\u00e9gime politique et de vigilance. Ils deviennent ainsi des \u00ab \u00c9tats d&#8217;alerte \u00bb (Molo et Chateauraynaud, 2024) face aux risques sanitaires et environnementaux susceptibles de d\u00e9clencher des catastrophes et favorisant l\u2019\u00e9mergence de figures de la vigilance. Une telle perspective met en lumi\u00e8re l&#8217;intersection entre risques, environnement et sant\u00e9, c\u2019est-\u00e0-dire la mani\u00e8re dont s\u2019organisent biopouvoir et \u00e9co-pouvoir (Lascoumes, 1994), les politiques de vie, de mort, de s\u00e9curit\u00e9, les in\u00e9galit\u00e9s environnementales, de sant\u00e9, ainsi que les autres facteurs qui affaiblissent les soci\u00e9t\u00e9s africaines contemporaines. Cet axe de recherche met donc l\u2019accent sur des approches permettant, au regard de ces enjeux, de penser les soci\u00e9t\u00e9s contemporaines africaines, les processus d\u2019\u00e9tatisation (Blanc, 2022 ; Molo, 2023), la l\u00e9gitimit\u00e9 des gouvernements, (Cabane, 2023) ainsi que les formes de manifestation et d\u2019exercice du pouvoir (Lachenal, 2017).&nbsp; Comment anticiper et g\u00e9rer efficacement les risques, qu\u2019ils soient environnementaux ou sanitaires, et les catastrophes qui en d\u00e9coulent tout en prenant en compte \u00e0 la fois leur probabilit\u00e9 d&#8217;occurrence et leurs cons\u00e9quences concr\u00e8tes sur les populations et les infrastructures ? Il s\u2019agit d\u2019envisager la question du risque \u00e0 la fois dans sa phase probabiliste, mais aussi dans la dimension de la crise \u00e0 travers la catastrophe et les dispositifs mis en place pour la prendre en charge. Sans se limiter aux liens de causalit\u00e9 entre risques, environnement et sant\u00e9, il est crucial d\u2019analyser comment chacun de ces facteurs impacte les \u00ab fondements tacites \u00bb de l\u2019ordre social (Giry, 2023).<\/p>\n\n\n\n<h2 class=\"wp-block-heading\">R\u00e9f\u00e9rences<\/h2>\n\n\n\n<ul class=\"wp-block-list\">\n<li>Blanc, G., Gu\u00e9rin, M., &amp; Quenet, G. (2022). <em>Prot\u00e9ger et d\u00e9truire. Gouverner la nature sous les tropiques (XXe \u2013 XXIe si\u00e8cle)<\/em>. Paris: CNRS.<\/li>\n\n\n\n<li>Blanc, G. (2005). <em>L\u2019invention du colonialisme vert. Pour en finir avec le mythe de l\u2019\u00c9den africain<\/em>. Paris : Flammarion.<\/li>\n\n\n\n<li>Cabane, L. (2015). Les catastrophes : un horizon commun de la globalisation environnementale ? <em>Natures sciences soci\u00e9t\u00e9s<\/em>, 23 (3), p. 223-236.<\/li>\n\n\n\n<li>Cabane, L. (2023). <em>The Government of Disasters in South Africa. State, Politics, and Knowledge<\/em>. New York : Palgrave Macmillan.<\/li>\n\n\n\n<li>Cicolella, A. (2010). Sant\u00e9 et Environnement : la 2e r\u00e9volution de Sant\u00e9 Publique. <em>Sant\u00e9 Publique<\/em>, vol. 22, n\u00b0 3, p. 343-351.<\/li>\n\n\n\n<li>Eboko, F. &amp; Schlimmer, S. (2020). COVID-19 : l\u2019Afrique face \u00e0 une crise mondiale. <em>Politique \u00e9trang\u00e8re<\/em>, vol. , n\u00b0 4, p. 123-134.<\/li>\n\n\n\n<li>Ferdinand, M. (2019), <em>Une \u00e9cologie d\u00e9coloniale. Penser l\u2019\u00e9cologie depuis le monde carib\u00e9en<\/em>. Paris : Seuil.<\/li>\n\n\n\n<li>Gado, A. (1993), <em>Une histoire des famines au Sahel. \u00c9tude des grandes crises alimentaires (XIX\u00e8me &#8211; XX\u00e8me si\u00e8cles)<\/em>. Paris : L&#8217;Harmattan.<\/li>\n\n\n\n<li>Giry, B. (2023), <em>Sociologie des catastrophes<\/em>. Paris : La D\u00e9couverte.<\/li>\n\n\n\n<li>Lachenal, G. (2017), <em>The Lomidine files. The Untold Story of a Medical Disaster in Colonial Africa<\/em>, trad. de N. Toussignant, Baltimore. John Hopkins University Press.<\/li>\n\n\n\n<li>Lascoumes, P. (1994), <em>Eco-pouvoir. Environnements et politiques<\/em>. Paris : La D\u00e9couverte.<\/li>\n\n\n\n<li>Molo, B. (2023), Une sociohistoire des catastrophes. Etat, soci\u00e9t\u00e9 et pouvoir au Cameroun. Fin XIXe \u2013 d\u00e9but XXIe si\u00e8cle \u00bb, th\u00e8se de doctorat de l\u2019EHESS.<\/li>\n\n\n\n<li>Sellers, C. (1997). <em>Hazards of the job. From industrial disease to environmental health science<\/em>, Chapel Hill &amp; London, The University of North Carolina Press.<\/li>\n\n\n\n<li>Tierney, K. (1999). Toward a Critical Sociology of Risk. <em>Sociological Forum<\/em>, vol. 14, iss. 2. <\/li>\n\n\n\n<li>Vaughan, M. (1991), <em>Curing their ills. Colonial power and African illness<\/em>. Stanford : Stanford University Press.<\/li>\n<\/ul>\n\n\n\n<p><\/p>\n\n\n\n<h2 class=\"wp-block-heading\">S\u00e9ances du s\u00e9minaire en lien<\/h2>\n\n\n\n<div class=\"wp-block-media-text is-stacked-on-mobile is-vertically-aligned-top\" style=\"grid-template-columns:35% auto\"><figure class=\"wp-block-media-text__media\"><img loading=\"lazy\" decoding=\"async\" width=\"1022\" height=\"397\" src=\"http:\/\/noria-research.com\/africas\/wp-content\/uploads\/2025\/02\/Seminaire-2.png\" alt=\"\" class=\"wp-image-32044 size-full\" srcset=\"https:\/\/noria-research.com\/africas\/wp-content\/uploads\/2025\/02\/Seminaire-2.png 1022w, https:\/\/noria-research.com\/africas\/wp-content\/uploads\/2025\/02\/Seminaire-2-1000x388.png 1000w, https:\/\/noria-research.com\/africas\/wp-content\/uploads\/2025\/02\/Seminaire-2-500x194.png 500w, https:\/\/noria-research.com\/africas\/wp-content\/uploads\/2025\/02\/Seminaire-2-768x298.png 768w\" sizes=\"auto, (max-width: 1022px) 100vw, 1022px\" \/><\/figure><div class=\"wp-block-media-text__content\">\n<ul class=\"wp-block-list\">\n<li style=\"font-size:16px\"><a href=\"https:\/\/noria-research.com\/africas\/fr\/seminaire-seance-n1-b-molo\/\">S\u00e9ance 1<\/a> &#8211; <a href=\"https:\/\/noria-research.com\/fr\/auteur\/bmollo\/\">Brice Molo<\/a>. <em>Catastrophes, utilit\u00e9 publique et ren\u00e9gociation de l&#8217;Etat au Cameroun. Histoire d&#8217;une socialisation \u00e9v\u00e9nementielle.<\/em> 6 novembre 2024.<\/li>\n\n\n\n<li style=\"font-size:16px\"><a href=\"https:\/\/noria-research.com\/africas\/fr\/seminaire-seance-n3-j-villa\/\">S\u00e9ance 3<\/a> &#8211; Jules Villa. <em>Des discontinuit\u00e9s de l&#8217;attention en sant\u00e9 publique : du monkeypox au mpox en RDC.<\/em> 3 d\u00e9cembre 2024.<\/li>\n<\/ul>\n<\/div><\/div>\n\n\n\n<p><\/p>\n\n\n\n<h2 class=\"wp-block-heading\">Publications du programme<\/h2>\n\n\n\n<figure class=\"wp-block-embed is-type-wp-embed is-provider-africas wp-block-embed-africas\"><div class=\"wp-block-embed__wrapper\">\n<blockquote class=\"wp-embedded-content\" data-secret=\"hOy1laxrqW\"><a href=\"https:\/\/noria-research.com\/africas\/fr\/corona-vu-den-bas-ethnographie-des-vecus-quotidiens-de-la-pandemie-a-lest-du-cameroun\/\">Corona vu d&#8217;en bas: Ethnographie des v\u00e9cus quotidiens de la pand\u00e9mie \u00e0 l\u2019Est du Cameroun<\/a><\/blockquote><iframe loading=\"lazy\" class=\"wp-embedded-content\" sandbox=\"allow-scripts\" security=\"restricted\" style=\"position: absolute; visibility: hidden;\" title=\"&#8220;Corona vu d&#8217;en bas: Ethnographie des v\u00e9cus quotidiens de la pand\u00e9mie \u00e0 l\u2019Est du Cameroun&#8221; &#8212; Africas\" src=\"https:\/\/noria-research.com\/africas\/fr\/corona-vu-den-bas-ethnographie-des-vecus-quotidiens-de-la-pandemie-a-lest-du-cameroun\/embed\/#?secret=EC1X23Q28o#?secret=hOy1laxrqW\" data-secret=\"hOy1laxrqW\" width=\"500\" height=\"282\" frameborder=\"0\" marginwidth=\"0\" marginheight=\"0\" scrolling=\"no\"><\/iframe>\n<\/div><\/figure>\n\n\n\n<p><\/p>\n","protected":false},"excerpt":{"rendered":"<p>Pr\u00e9sentation En 2024, aucun pays africain ne figure parmi les dix pays les plus touch\u00e9s par les catastrophes dites \u00ab naturelles \u00bb \u00e0 travers le monde. Parmi les vingt \u00e9v\u00e9nements les plus d\u00e9vastateurs de l&#8217;ann\u00e9e en termes de r\u00e9percussions \u00e9conomiques et de pertes humaines, seuls deux et trois de ces \u00e9pisodes ont respectivement eu lieu [&hellip;]<\/p>\n","protected":false},"author":453,"featured_media":0,"parent":23,"menu_order":0,"comment_status":"closed","ping_status":"closed","template":"","meta":{"footnotes":""},"podcast":[],"project":[],"class_list":["post-261","page","type-page","status-publish","hentry"],"yoast_head":"<!-- This site is optimized with the Yoast SEO plugin v26.0 - https:\/\/yoast.com\/wordpress\/plugins\/seo\/ -->\n<title>Axe 4 - Risques, sant\u00e9 et environnement - Africas<\/title>\n<meta name=\"robots\" content=\"index, follow, max-snippet:-1, max-image-preview:large, max-video-preview:-1\" \/>\n<link rel=\"canonical\" href=\"https:\/\/noria-research.com\/africas\/fr\/a-propos-du-programme-afriques\/axe-4-risques-sante-et-environnement\/\" \/>\n<meta property=\"og:locale\" content=\"en_US\" \/>\n<meta property=\"og:type\" content=\"article\" \/>\n<meta property=\"og:title\" content=\"Axe 4 - Risques, sant\u00e9 et environnement - Africas\" \/>\n<meta property=\"og:description\" content=\"Pr\u00e9sentation En 2024, aucun pays africain ne figure parmi les dix pays les plus touch\u00e9s par les catastrophes dites \u00ab naturelles \u00bb \u00e0 travers le monde. Parmi les vingt \u00e9v\u00e9nements les plus d\u00e9vastateurs de l&#8217;ann\u00e9e en termes de r\u00e9percussions \u00e9conomiques et de pertes humaines, seuls deux et trois de ces \u00e9pisodes ont respectivement eu lieu [&hellip;]\" \/>\n<meta property=\"og:url\" content=\"https:\/\/noria-research.com\/africas\/fr\/a-propos-du-programme-afriques\/axe-4-risques-sante-et-environnement\/\" \/>\n<meta property=\"og:site_name\" content=\"Africas\" \/>\n<meta property=\"article:modified_time\" content=\"2026-02-08T15:54:52+00:00\" \/>\n<meta name=\"twitter:card\" content=\"summary_large_image\" \/>\n<meta name=\"twitter:label1\" content=\"Est. reading time\" \/>\n\t<meta name=\"twitter:data1\" content=\"5 minutes\" \/>\n<script type=\"application\/ld+json\" class=\"yoast-schema-graph\">{\"@context\":\"https:\/\/schema.org\",\"@graph\":[{\"@type\":\"WebPage\",\"@id\":\"https:\/\/noria-research.com\/africas\/fr\/a-propos-du-programme-afriques\/axe-4-risques-sante-et-environnement\/\",\"url\":\"https:\/\/noria-research.com\/africas\/fr\/a-propos-du-programme-afriques\/axe-4-risques-sante-et-environnement\/\",\"name\":\"Axe 4 - Risques, sant\u00e9 et environnement - Africas\",\"isPartOf\":{\"@id\":\"https:\/\/noria-research.com\/africas\/#website\"},\"primaryImageOfPage\":{\"@id\":\"https:\/\/noria-research.com\/africas\/fr\/a-propos-du-programme-afriques\/axe-4-risques-sante-et-environnement\/#primaryimage\"},\"image\":{\"@id\":\"https:\/\/noria-research.com\/africas\/fr\/a-propos-du-programme-afriques\/axe-4-risques-sante-et-environnement\/#primaryimage\"},\"thumbnailUrl\":\"http:\/\/noria-research.com\/africas\/wp-content\/uploads\/2025\/02\/Seminaire-2.png\",\"datePublished\":\"2025-03-07T15:56:05+00:00\",\"dateModified\":\"2026-02-08T15:54:52+00:00\",\"breadcrumb\":{\"@id\":\"https:\/\/noria-research.com\/africas\/fr\/a-propos-du-programme-afriques\/axe-4-risques-sante-et-environnement\/#breadcrumb\"},\"inLanguage\":\"en-US\",\"potentialAction\":[{\"@type\":\"ReadAction\",\"target\":[\"https:\/\/noria-research.com\/africas\/fr\/a-propos-du-programme-afriques\/axe-4-risques-sante-et-environnement\/\"]}]},{\"@type\":\"ImageObject\",\"inLanguage\":\"en-US\",\"@id\":\"https:\/\/noria-research.com\/africas\/fr\/a-propos-du-programme-afriques\/axe-4-risques-sante-et-environnement\/#primaryimage\",\"url\":\"http:\/\/noria-research.com\/africas\/wp-content\/uploads\/2025\/02\/Seminaire-2.png\",\"contentUrl\":\"http:\/\/noria-research.com\/africas\/wp-content\/uploads\/2025\/02\/Seminaire-2.png\"},{\"@type\":\"BreadcrumbList\",\"@id\":\"https:\/\/noria-research.com\/africas\/fr\/a-propos-du-programme-afriques\/axe-4-risques-sante-et-environnement\/#breadcrumb\",\"itemListElement\":[{\"@type\":\"ListItem\",\"position\":1,\"name\":\"Afriques\",\"item\":\"https:\/\/noria-research.com\/africas\/\"},{\"@type\":\"ListItem\",\"position\":2,\"name\":\"\u00c0 propos du programme Afriques\",\"item\":\"https:\/\/noria-research.com\/africas\/fr\/a-propos-du-programme-afriques\/\"},{\"@type\":\"ListItem\",\"position\":3,\"name\":\"Axe 4 &#8211; Risques, sant\u00e9 et environnement\"}]},{\"@type\":\"WebSite\",\"@id\":\"https:\/\/noria-research.com\/africas\/#website\",\"url\":\"https:\/\/noria-research.com\/africas\/\",\"name\":\"Africas\",\"description\":\"\",\"publisher\":{\"@id\":\"https:\/\/noria-research.com\/africas\/#organization\"},\"potentialAction\":[{\"@type\":\"SearchAction\",\"target\":{\"@type\":\"EntryPoint\",\"urlTemplate\":\"https:\/\/noria-research.com\/africas\/?s={search_term_string}\"},\"query-input\":{\"@type\":\"PropertyValueSpecification\",\"valueRequired\":true,\"valueName\":\"search_term_string\"}}],\"inLanguage\":\"en-US\"},{\"@type\":\"Organization\",\"@id\":\"https:\/\/noria-research.com\/africas\/#organization\",\"name\":\"Africas\",\"url\":\"https:\/\/noria-research.com\/africas\/\",\"logo\":{\"@type\":\"ImageObject\",\"inLanguage\":\"en-US\",\"@id\":\"https:\/\/noria-research.com\/africas\/#\/schema\/logo\/image\/\",\"url\":\"https:\/\/noria-research.com\/africas\/wp-content\/uploads\/2024\/06\/Logo-Noria-Africas-Blanc.svg\",\"contentUrl\":\"https:\/\/noria-research.com\/africas\/wp-content\/uploads\/2024\/06\/Logo-Noria-Africas-Blanc.svg\",\"caption\":\"Africas\"},\"image\":{\"@id\":\"https:\/\/noria-research.com\/africas\/#\/schema\/logo\/image\/\"}}]}<\/script>\n<!-- \/ Yoast SEO plugin. -->","yoast_head_json":{"title":"Axe 4 - Risques, sant\u00e9 et environnement - Africas","robots":{"index":"index","follow":"follow","max-snippet":"max-snippet:-1","max-image-preview":"max-image-preview:large","max-video-preview":"max-video-preview:-1"},"canonical":"https:\/\/noria-research.com\/africas\/fr\/a-propos-du-programme-afriques\/axe-4-risques-sante-et-environnement\/","og_locale":"en_US","og_type":"article","og_title":"Axe 4 - Risques, sant\u00e9 et environnement - Africas","og_description":"Pr\u00e9sentation En 2024, aucun pays africain ne figure parmi les dix pays les plus touch\u00e9s par les catastrophes dites \u00ab naturelles \u00bb \u00e0 travers le monde. Parmi les vingt \u00e9v\u00e9nements les plus d\u00e9vastateurs de l&#8217;ann\u00e9e en termes de r\u00e9percussions \u00e9conomiques et de pertes humaines, seuls deux et trois de ces \u00e9pisodes ont respectivement eu lieu [&hellip;]","og_url":"https:\/\/noria-research.com\/africas\/fr\/a-propos-du-programme-afriques\/axe-4-risques-sante-et-environnement\/","og_site_name":"Africas","article_modified_time":"2026-02-08T15:54:52+00:00","twitter_card":"summary_large_image","twitter_misc":{"Est. reading time":"5 minutes"},"schema":{"@context":"https:\/\/schema.org","@graph":[{"@type":"WebPage","@id":"https:\/\/noria-research.com\/africas\/fr\/a-propos-du-programme-afriques\/axe-4-risques-sante-et-environnement\/","url":"https:\/\/noria-research.com\/africas\/fr\/a-propos-du-programme-afriques\/axe-4-risques-sante-et-environnement\/","name":"Axe 4 - Risques, sant\u00e9 et environnement - Africas","isPartOf":{"@id":"https:\/\/noria-research.com\/africas\/#website"},"primaryImageOfPage":{"@id":"https:\/\/noria-research.com\/africas\/fr\/a-propos-du-programme-afriques\/axe-4-risques-sante-et-environnement\/#primaryimage"},"image":{"@id":"https:\/\/noria-research.com\/africas\/fr\/a-propos-du-programme-afriques\/axe-4-risques-sante-et-environnement\/#primaryimage"},"thumbnailUrl":"http:\/\/noria-research.com\/africas\/wp-content\/uploads\/2025\/02\/Seminaire-2.png","datePublished":"2025-03-07T15:56:05+00:00","dateModified":"2026-02-08T15:54:52+00:00","breadcrumb":{"@id":"https:\/\/noria-research.com\/africas\/fr\/a-propos-du-programme-afriques\/axe-4-risques-sante-et-environnement\/#breadcrumb"},"inLanguage":"en-US","potentialAction":[{"@type":"ReadAction","target":["https:\/\/noria-research.com\/africas\/fr\/a-propos-du-programme-afriques\/axe-4-risques-sante-et-environnement\/"]}]},{"@type":"ImageObject","inLanguage":"en-US","@id":"https:\/\/noria-research.com\/africas\/fr\/a-propos-du-programme-afriques\/axe-4-risques-sante-et-environnement\/#primaryimage","url":"http:\/\/noria-research.com\/africas\/wp-content\/uploads\/2025\/02\/Seminaire-2.png","contentUrl":"http:\/\/noria-research.com\/africas\/wp-content\/uploads\/2025\/02\/Seminaire-2.png"},{"@type":"BreadcrumbList","@id":"https:\/\/noria-research.com\/africas\/fr\/a-propos-du-programme-afriques\/axe-4-risques-sante-et-environnement\/#breadcrumb","itemListElement":[{"@type":"ListItem","position":1,"name":"Afriques","item":"https:\/\/noria-research.com\/africas\/"},{"@type":"ListItem","position":2,"name":"\u00c0 propos du programme Afriques","item":"https:\/\/noria-research.com\/africas\/fr\/a-propos-du-programme-afriques\/"},{"@type":"ListItem","position":3,"name":"Axe 4 &#8211; Risques, sant\u00e9 et environnement"}]},{"@type":"WebSite","@id":"https:\/\/noria-research.com\/africas\/#website","url":"https:\/\/noria-research.com\/africas\/","name":"Africas","description":"","publisher":{"@id":"https:\/\/noria-research.com\/africas\/#organization"},"potentialAction":[{"@type":"SearchAction","target":{"@type":"EntryPoint","urlTemplate":"https:\/\/noria-research.com\/africas\/?s={search_term_string}"},"query-input":{"@type":"PropertyValueSpecification","valueRequired":true,"valueName":"search_term_string"}}],"inLanguage":"en-US"},{"@type":"Organization","@id":"https:\/\/noria-research.com\/africas\/#organization","name":"Africas","url":"https:\/\/noria-research.com\/africas\/","logo":{"@type":"ImageObject","inLanguage":"en-US","@id":"https:\/\/noria-research.com\/africas\/#\/schema\/logo\/image\/","url":"https:\/\/noria-research.com\/africas\/wp-content\/uploads\/2024\/06\/Logo-Noria-Africas-Blanc.svg","contentUrl":"https:\/\/noria-research.com\/africas\/wp-content\/uploads\/2024\/06\/Logo-Noria-Africas-Blanc.svg","caption":"Africas"},"image":{"@id":"https:\/\/noria-research.com\/africas\/#\/schema\/logo\/image\/"}}]}},"_links":{"self":[{"href":"https:\/\/noria-research.com\/africas\/wp-json\/wp\/v2\/pages\/261","targetHints":{"allow":["GET"]}}],"collection":[{"href":"https:\/\/noria-research.com\/africas\/wp-json\/wp\/v2\/pages"}],"about":[{"href":"https:\/\/noria-research.com\/africas\/wp-json\/wp\/v2\/types\/page"}],"author":[{"embeddable":true,"href":"https:\/\/noria-research.com\/africas\/wp-json\/wp\/v2\/users\/453"}],"replies":[{"embeddable":true,"href":"https:\/\/noria-research.com\/africas\/wp-json\/wp\/v2\/comments?post=261"}],"version-history":[{"count":5,"href":"https:\/\/noria-research.com\/africas\/wp-json\/wp\/v2\/pages\/261\/revisions"}],"predecessor-version":[{"id":570,"href":"https:\/\/noria-research.com\/africas\/wp-json\/wp\/v2\/pages\/261\/revisions\/570"}],"up":[{"embeddable":true,"href":"https:\/\/noria-research.com\/africas\/wp-json\/wp\/v2\/pages\/23"}],"wp:attachment":[{"href":"https:\/\/noria-research.com\/africas\/wp-json\/wp\/v2\/media?parent=261"}],"wp:term":[{"taxonomy":"podcast","embeddable":true,"href":"https:\/\/noria-research.com\/africas\/wp-json\/wp\/v2\/podcast?post=261"},{"taxonomy":"project","embeddable":true,"href":"https:\/\/noria-research.com\/africas\/wp-json\/wp\/v2\/project?post=261"}],"curies":[{"name":"wp","href":"https:\/\/api.w.org\/{rel}","templated":true}]}}